{"id":1390,"date":"2021-03-22T17:10:53","date_gmt":"2021-03-22T16:10:53","guid":{"rendered":"https:\/\/www.eurofluid.it\/home\/"},"modified":"2025-04-04T11:58:58","modified_gmt":"2025-04-04T09:58:58","slug":"home","status":"publish","type":"page","link":"https:\/\/www.eurofluid.it\/de\/","title":{"rendered":"home"},"content":{"rendered":"<div class=\"wpb-content-wrapper\"><p>[vc_row disable_element=&#8220;yes&#8220;][vc_column][vc_single_image image=&#8220;3713&#8243; img_size=&#8220;full&#8220; alignment=&#8220;center&#8220; onclick=&#8220;custom_link&#8220; img_link_target=&#8220;_blank&#8220; css_animation=&#8220;fadeInDown&#8220; link=&#8220;https:\/\/www.hannovermesse.de\/en\/application\/registration\/direct-entry-tickets-passes?code=1MkPi&#8220;][\/vc_column][\/vc_row][vc_row][vc_column width=&#8220;1\/2&#8243;][vc_column_text]<\/p>\n<h1 class=\"vc_custom_heading\">Hydraulische Steuerbl\u00f6cke<\/h1>\n<h2>Entwicklung und Fertigung von hydraulischen Steuerbl\u00f6cken.<\/h2>\n<p>Eurofluid Hydraulik ist ein Spezialist in der Fertigung von hydraulischen Steuerbl\u00f6cken und einem Standard Programm an Montageplatten, die sich wie folgt zusammensetzen:<\/p>\n<ul>\n<li>einzeln Montageplatten<\/li>\n<li>mehrfach Montageplatten<\/li>\n<li>l\u00e4ngs Verkettungen<\/li>\n<li>h\u00f6hen Verkettungen<\/li>\n<li>Zwischenplatten<\/li>\n<li>Hochdruck und Niederdruck Steuerbl\u00f6cke<\/li>\n<li>Reduzierplatten<\/li>\n<li>Hydraulisches Zubeh\u00f6r<\/li>\n<li>Hydraulische Ventile<\/li>\n<\/ul>\n<p>Eurofluid Hydraulik ist einer der fu\u0308hrenden Hersteller im Markt im Bereich von Kunden spezifischen Steuerbl\u00f6cken. Einer der Gru\u0308nde dafu\u0308r ist, dass die Fa. Eurofluid in der Lage ist kundenspezifische Hydraulik Steuerbl\u00f6cke unter kundenspezifischen Anforderungen zu fertigen.[\/vc_column_text][\/vc_column][vc_column width=&#8220;1\/2&#8243;][vc_single_image image=&#8220;2418&#8243; img_size=&#8220;full&#8220;][\/vc_column][\/vc_row][vc_row full_width=&#8220;stretch_row&#8220; css=&#8220;.vc_custom_1616493727613{background-color: #efefef !important;}&#8220;][vc_column][vc_row_inner][vc_column_inner][vc_column_text]<\/p>\n<h2 style=\"text-align: center;\">KONSTRUKTION<\/h2>\n<p>[\/vc_column_text][\/vc_column_inner][vc_column_inner width=&#8220;1\/2&#8243;][vc_column_text]<\/p>\n<p class=\"vc_custom_heading\">Eurofluid Hydraulic stellt seinen Kunden die Erfahrung ihrer Techniker und die Software-Unterst\u00fctzung HyDraw CAD und MDTOOLS zur Verf\u00fcgung, um Sonderbl\u00f6cke nach Kundenangaben entwickeln zu k\u00f6nnen.<\/p>\n<p class=\"vc_custom_heading\">Mit dem Kunden wird das Lay-out besprochen; Eurofluid macht die Fertigungszeichnung und kann das 3D-Modell, mit allen Komponenten best\u00fcckt, visualisieren.<\/p>\n<p>[\/vc_column_text]<div class=\"uavc-list-icon uavc-list-icon-wrapper ult-adjust-bottom-margin   \"><ul class=\"uavc-list\"><li><div class=\"uavc-list-content\" id=\"list-icon-wrap-8526\">\n<div class=\"uavc-list-icon  \" data-animation=\"\" data-animation-delay=\"03\" style=\"margin-right:25px;\"><div class=\"ult-just-icon-wrapper  \"><div class=\"align-icon\" style=\"text-align:center;\">\n<div class=\"aio-icon circle \"  style=\"color:#ffffff;background:#2c438f;font-size:27px;display:inline-block;\">\n\t<i class=\"icomoon-the7-font-icon-gallery-011-2\"><\/i>\n<\/div><\/div><\/div>\n<\/div><span  data-ultimate-target='#list-icon-wrap-8526 .uavc-list-desc'  data-responsive-json-new='{\"font-size\":\"\",\"line-height\":\"\"}'  class=\"uavc-list-desc ult-responsive\" style=\"\"><\/p>\n<h3 class=\"ult-responsive info-list-heading\" data-ultimate-target=\"#Info-list-wrap-9285 h3\" data-responsive-json-new=\"{&quot;font-size&quot;:&quot;desktop:16px;&quot;,&quot;line-height&quot;:&quot;desktop:24px;&quot;}\">Entwicklung vom Sonderbl\u00f6cken<\/h3>\n<p><\/span><\/div><\/li><li><div class=\"uavc-list-content\" id=\"list-icon-wrap-9832\">\n<div class=\"uavc-list-icon  \" data-animation=\"\" data-animation-delay=\"03\" style=\"margin-right:25px;\"><div class=\"ult-just-icon-wrapper  \"><div class=\"align-icon\" style=\"text-align:center;\">\n<div class=\"aio-icon circle \"  style=\"color:#ffffff;background:#2c438f;font-size:27px;display:inline-block;\">\n\t<i class=\"fas fa-tint\"><\/i>\n<\/div><\/div><\/div>\n<\/div><span  data-ultimate-target='#list-icon-wrap-9832 .uavc-list-desc'  data-responsive-json-new='{\"font-size\":\"\",\"line-height\":\"\"}'  class=\"uavc-list-desc ult-responsive\" style=\"\"><\/p>\n<h3 class=\"ult-responsive info-list-heading\" data-ultimate-target=\"#Info-list-wrap-5769 h3\" data-responsive-json-new=\"{&quot;font-size&quot;:&quot;desktop:16px;&quot;,&quot;line-height&quot;:&quot;desktop:24px;&quot;}\">Lay-out und hydraulischer Schaltplan<\/h3>\n<p><\/span><\/div><\/li><li><div class=\"uavc-list-content\" id=\"list-icon-wrap-6135\">\n<div class=\"uavc-list-icon  \" data-animation=\"\" data-animation-delay=\"03\" style=\"margin-right:25px;\"><div class=\"ult-just-icon-wrapper  \"><div class=\"align-icon\" style=\"text-align:center;\">\n<div class=\"aio-icon circle \"  style=\"color:#ffffff;background:#2c438f;font-size:27px;display:inline-block;\">\n\t<i class=\"fas fa-desktop\"><\/i>\n<\/div><\/div><\/div>\n<\/div><span  data-ultimate-target='#list-icon-wrap-6135 .uavc-list-desc'  data-responsive-json-new='{\"font-size\":\"\",\"line-height\":\"\"}'  class=\"uavc-list-desc ult-responsive\" style=\"\"><\/p>\n<h3 class=\"ult-responsive info-list-heading\" data-ultimate-target=\"#Info-list-wrap-3613 h3\" data-responsive-json-new=\"{&quot;font-size&quot;:&quot;desktop:16px;&quot;,&quot;line-height&quot;:&quot;desktop:24px;&quot;}\">Fertigungszeichnung<\/h3>\n<p><\/span><\/div><\/li><li><div class=\"uavc-list-content\" id=\"list-icon-wrap-1891\">\n<div class=\"uavc-list-icon  \" data-animation=\"\" data-animation-delay=\"03\" style=\"margin-right:25px;\"><div class=\"ult-just-icon-wrapper  \"><div class=\"align-icon\" style=\"text-align:center;\">\n<div class=\"aio-icon circle \"  style=\"color:#ffffff;background:#2c438f;font-size:27px;display:inline-block;\">\n\t<i class=\"fas fa-pencil-ruler\"><\/i>\n<\/div><\/div><\/div>\n<\/div><span  data-ultimate-target='#list-icon-wrap-1891 .uavc-list-desc'  data-responsive-json-new='{\"font-size\":\"\",\"line-height\":\"\"}'  class=\"uavc-list-desc ult-responsive\" style=\"\"><\/p>\n<h3 class=\"ult-responsive info-list-heading\" data-ultimate-target=\"#Info-list-wrap-5915 h3\" data-responsive-json-new=\"{&quot;font-size&quot;:&quot;desktop:16px;&quot;,&quot;line-height&quot;:&quot;desktop:24px;&quot;}\">3D-Modell mit Ventilen<\/h3>\n<p><\/span><\/div><\/li><li><div class=\"uavc-list-content\" id=\"list-icon-wrap-9991\">\n<div class=\"uavc-list-icon  \" data-animation=\"\" data-animation-delay=\"03\" style=\"margin-right:25px;\"><div class=\"ult-just-icon-wrapper  \"><div class=\"align-icon\" style=\"text-align:center;\">\n<div class=\"aio-icon circle \"  style=\"color:#ffffff;background:#2c438f;font-size:27px;display:inline-block;\">\n\t<i class=\"fas fa-industry\"><\/i>\n<\/div><\/div><\/div>\n<\/div><span  data-ultimate-target='#list-icon-wrap-9991 .uavc-list-desc'  data-responsive-json-new='{\"font-size\":\"\",\"line-height\":\"\"}'  class=\"uavc-list-desc ult-responsive\" style=\"\"><\/p>\n<h3 class=\"ult-responsive info-list-heading\" data-ultimate-target=\"#Info-list-wrap-8723 h3\" data-responsive-json-new=\"{&quot;font-size&quot;:&quot;desktop:16px;&quot;,&quot;line-height&quot;:&quot;desktop:24px;&quot;}\">Fertigung von Bl\u00f6cken mit ein \u2013 und aufgebauten Ventilen<\/h3>\n<p><\/span><\/div><\/li><\/ul><\/div>[\/vc_column_inner][vc_column_inner width=&#8220;1\/2&#8243;][vc_single_image image=&#8220;18&#8243; img_size=&#8220;full&#8220;][\/vc_column_inner][vc_column_inner][vc_cta h2=&#8220;Haben Sie spezielle Bed\u00fcrfnisse?&#8220; h2_font_container=&#8220;tag:h2|font_size:32|text_align:left|color:%232c438f&#8220; h2_use_theme_fonts=&#8220;yes&#8220; h4=&#8220;Fordern Sie jetzt ein personalisiertes Angebot an.&#8220; h4_font_container=&#8220;tag:h4|text_align:left|color:%23000000&#8243; h4_google_fonts=&#8220;font_family:Roboto%3A100%2C100italic%2C300%2C300italic%2Cregular%2Citalic%2C500%2C500italic%2C700%2C700italic%2C900%2C900italic|font_style:300%20light%20regular%3A300%3Anormal&#8220; shape=&#8220;square&#8220; el_width=&#8220;sm&#8220; add_button=&#8220;right&#8220; btn_title=&#8220;Kontaktiere uns&#8220; btn_style=&#8220;flat&#8220; btn_shape=&#8220;square&#8220; btn_color=&#8220;blue&#8220; btn_size=&#8220;lg&#8220; btn_align=&#8220;right&#8220; btn_i_icon_fontawesome=&#8220;fas fa-envelope&#8220; use_custom_fonts_h2=&#8220;true&#8220; use_custom_fonts_h4=&#8220;true&#8220; btn_button_block=&#8220;true&#8220; btn_add_icon=&#8220;true&#8220; css=&#8220;.vc_custom_1698918569636{background-color: #ffec00 !important;}&#8220; btn_link=&#8220;url:https%3A%2F%2Fwww.eurofluid.it%2Fde%2Fkontakte%2F|title:Contatti&#8220;][\/vc_cta][\/vc_column_inner][\/vc_row_inner][\/vc_column][\/vc_row][vc_row full_width=&#8220;stretch_row&#8220; css=&#8220;.vc_custom_1616498607669{padding-top: 10px !important;padding-bottom: 10px !important;background-color: rgba(44,67,143,0.9) !important;*background-color: rgb(44,67,143) !important;}&#8220;][vc_column][vc_row_inner][vc_column_inner width=&#8220;5\/6&#8243;][vc_custom_heading text=&#8220;CETOP 3&#8243; font_container=&#8220;tag:h2|font_size:64|text_align:left|color:%23ffffff&#8220; use_theme_fonts=&#8220;yes&#8220;][vc_column_text el_class=&#8220;light-text&#8220;]Die Produktpalette der Fa. Eurofluid setzt sich wie folgt zusammen: Einzel Montageplatten, Mehrfach Montageplatten, Reduzier- und Abschlussplatten, L\u00e4ngsverkettungen mit 3 Zugstangen, Zwischenplatten mit 4 Zugstangen, Pru\u0308fplatten.[\/vc_column_text][\/vc_column_inner][vc_column_inner width=&#8220;1\/6&#8243;][vc_single_image image=&#8220;24&#8243; img_size=&#8220;full&#8220; alignment=&#8220;right&#8220;][\/vc_column_inner][vc_column_inner el_class=&#8220;text-centered&#8220;][vc_btn title=&#8220;Grundplatten&#8220; style=&#8220;flat&#8220; color=&#8220;sky&#8220; size=&#8220;lg&#8220; i_align=&#8220;right&#8220; i_icon_fontawesome=&#8220;fas fa-angle-right&#8220; add_icon=&#8220;true&#8220; link=&#8220;url:https%3A%2F%2Fwww.eurofluid.it%2Fde%2Fhydraulic-manifold-blocks%2Fgrundplatten-ng6%2F&#8220; css=&#8220;.vc_custom_1642503768406{margin-right: 5px !important;}&#8220;][vc_btn title=&#8220;Reihenplatte&#8220; style=&#8220;flat&#8220; color=&#8220;sky&#8220; size=&#8220;lg&#8220; i_align=&#8220;right&#8220; i_icon_fontawesome=&#8220;fas fa-angle-right&#8220; add_icon=&#8220;true&#8220; link=&#8220;url:https%3A%2F%2Fwww.eurofluid.it%2Fde%2Fhydraulic-manifold-blocks%2Freihenplatte-ng6%2F&#8220; css=&#8220;.vc_custom_1642503783102{margin-right: 5px !important;}&#8220;][vc_btn title=&#8220;Blind Umlek&#8220; style=&#8220;flat&#8220; color=&#8220;sky&#8220; size=&#8220;lg&#8220; i_align=&#8220;right&#8220; i_icon_fontawesome=&#8220;fas fa-angle-right&#8220; add_icon=&#8220;true&#8220; link=&#8220;url:https%3A%2F%2Fwww.eurofluid.it%2Fde%2Fhydraulic-manifold-blocks%2Fblind-umlek-ng6%2F&#8220; css=&#8220;.vc_custom_1642503794563{margin-right: 5px !important;}&#8220;][vc_btn title=&#8220;Verkettungsplatten&#8220; style=&#8220;flat&#8220; color=&#8220;sky&#8220; size=&#8220;lg&#8220; i_align=&#8220;right&#8220; i_icon_fontawesome=&#8220;fas fa-angle-right&#8220; add_icon=&#8220;true&#8220; link=&#8220;url:https%3A%2F%2Fwww.eurofluid.it%2Fde%2Fhydraulic-manifold-blocks%2Fverkettungsplatten-cetop-3%2F&#8220; css=&#8220;.vc_custom_1621606813911{margin-right: 5px !important;}&#8220;][vc_btn title=&#8220;Verkettungsplatten Cetop 3 und 5&#8243; style=&#8220;flat&#8220; color=&#8220;sky&#8220; size=&#8220;lg&#8220; i_align=&#8220;right&#8220; i_icon_fontawesome=&#8220;fas fa-angle-right&#8220; add_icon=&#8220;true&#8220; link=&#8220;url:https%3A%2F%2Fwww.eurofluid.it%2Fde%2Fhydraulic-manifold-blocks%2Fverkettungsplatten-cetop-3-und-5%2F&#8220; css=&#8220;.vc_custom_1621606819633{margin-right: 5px !important;}&#8220;][\/vc_column_inner][\/vc_row_inner][\/vc_column][\/vc_row][vc_row full_width=&#8220;stretch_row&#8220; css=&#8220;.vc_custom_1616498738045{padding-top: 10px !important;padding-bottom: 10px !important;background-color: #eeeeee !important;}&#8220;][vc_column][vc_row_inner][vc_column_inner width=&#8220;1\/6&#8243;][vc_single_image image=&#8220;30&#8243; img_size=&#8220;full&#8220;][\/vc_column_inner][vc_column_inner width=&#8220;5\/6&#8243;][vc_custom_heading text=&#8220;CETOP 5&#8243; font_container=&#8220;tag:h2|font_size:64|text_align:left|color:%23000000&#8243; use_theme_fonts=&#8220;yes&#8220;][vc_column_text]Die Produktpalette der Fa. Eurofluid setzt sich wie folgt zusammen: Einzel Montageplatten, Mehrfach Montageplatten, Reduzier- und Abschlussplatten, L\u00e4ngsverkettungen mit 3 Zugstangen, Zwischenplatten mit 4 Zugstangen, Pru\u0308fplatten.[\/vc_column_text][\/vc_column_inner][vc_column_inner el_class=&#8220;text-centered&#8220;][vc_btn title=&#8220;Grundplatten&#8220; style=&#8220;flat&#8220; color=&#8220;inverse&#8220; size=&#8220;lg&#8220; i_align=&#8220;right&#8220; i_icon_fontawesome=&#8220;fas fa-angle-right&#8220; add_icon=&#8220;true&#8220; link=&#8220;url:https%3A%2F%2Fwww.eurofluid.it%2Fde%2Fhydraulic-manifold-blocks%2Fgrundplatten-ng10%2F&#8220; css=&#8220;.vc_custom_1642503826470{margin-right: 5px !important;}&#8220;][vc_btn title=&#8220;Reihenplatte&#8220; style=&#8220;flat&#8220; color=&#8220;inverse&#8220; size=&#8220;lg&#8220; i_align=&#8220;right&#8220; i_icon_fontawesome=&#8220;fas fa-angle-right&#8220; add_icon=&#8220;true&#8220; link=&#8220;url:https%3A%2F%2Fwww.eurofluid.it%2Fde%2Fhydraulic-manifold-blocks%2Freihenplatte-ng10%2F&#8220; css=&#8220;.vc_custom_1642503837330{margin-right: 5px !important;}&#8220;][vc_btn title=&#8220;Reduzierplatten NG6\/NG10&#8243; style=&#8220;flat&#8220; color=&#8220;inverse&#8220; size=&#8220;lg&#8220; i_align=&#8220;right&#8220; i_icon_fontawesome=&#8220;fas fa-angle-right&#8220; add_icon=&#8220;true&#8220; link=&#8220;url:https%3A%2F%2Fwww.eurofluid.it%2Fde%2Fhydraulic-manifold-blocks%2Freduzierplatten-ng6-ng10%2F&#8220; css=&#8220;.vc_custom_1642505163179{margin-right: 5px !important;}&#8220;][vc_btn title=&#8220;Blind, umlenk NG10&#8243; style=&#8220;flat&#8220; color=&#8220;inverse&#8220; size=&#8220;lg&#8220; i_align=&#8220;right&#8220; i_icon_fontawesome=&#8220;fas fa-angle-right&#8220; add_icon=&#8220;true&#8220; link=&#8220;url:https%3A%2F%2Fwww.eurofluid.it%2Fde%2Fhydraulic-manifold-blocks%2Fblind-umlenk-ng10%2F&#8220; css=&#8220;.vc_custom_1642503859927{margin-right: 5px !important;}&#8220;][\/vc_column_inner][\/vc_row_inner][\/vc_column][\/vc_row][vc_row full_width=&#8220;stretch_row&#8220; css=&#8220;.vc_custom_1616498607669{padding-top: 10px !important;padding-bottom: 10px !important;background-color: rgba(44,67,143,0.9) !important;*background-color: rgb(44,67,143) !important;}&#8220;][vc_column][vc_row_inner][vc_column_inner width=&#8220;5\/6&#8243;][vc_custom_heading text=&#8220;CETOP 7&#8243; font_container=&#8220;tag:h2|font_size:64|text_align:left|color:%23ffffff&#8220; use_theme_fonts=&#8220;yes&#8220;][vc_column_text el_class=&#8220;light-text&#8220;]Die Produktpalette der Fa. Eurofluid setzt sich wie folgt zusammen: Einzel Montageplatten, Mehrfach Montageplatten, Reduzier- und Abschlussplatten, Pru\u0308fplatten.[\/vc_column_text][\/vc_column_inner][vc_column_inner width=&#8220;1\/6&#8243;][vc_single_image image=&#8220;27&#8243; img_size=&#8220;full&#8220; alignment=&#8220;right&#8220;][\/vc_column_inner][vc_column_inner el_class=&#8220;text-centered&#8220;][vc_btn title=&#8220;Grundplatten&#8220; style=&#8220;flat&#8220; color=&#8220;sky&#8220; size=&#8220;lg&#8220; i_align=&#8220;right&#8220; i_icon_fontawesome=&#8220;fas fa-angle-right&#8220; add_icon=&#8220;true&#8220; link=&#8220;url:https%3A%2F%2Fwww.eurofluid.it%2Fde%2Fhydraulic-manifold-blocks%2Fgrundplatten-ng16%2F&#8220; css=&#8220;.vc_custom_1642503880243{margin-right: 5px !important;}&#8220;][vc_btn title=&#8220;Reihenplatte&#8220; style=&#8220;flat&#8220; color=&#8220;sky&#8220; size=&#8220;lg&#8220; i_align=&#8220;right&#8220; i_icon_fontawesome=&#8220;fas fa-angle-right&#8220; add_icon=&#8220;true&#8220; link=&#8220;url:https%3A%2F%2Fwww.eurofluid.it%2Fde%2Fhydraulic-manifold-blocks%2Freihenplatte-ng16%2F&#8220; css=&#8220;.vc_custom_1642503891247{margin-right: 5px !important;}&#8220;][vc_btn title=&#8220;Blind und Reduzierplatten NG16&#8243; style=&#8220;flat&#8220; color=&#8220;sky&#8220; size=&#8220;lg&#8220; i_align=&#8220;right&#8220; i_icon_fontawesome=&#8220;fas fa-angle-right&#8220; add_icon=&#8220;true&#8220; link=&#8220;url:https%3A%2F%2Fwww.eurofluid.it%2Fde%2Fhydraulic-manifold-blocks%2Fblind-und-reduzierplatten-ng16%2F&#8220; css=&#8220;.vc_custom_1642505177652{margin-right: 5px !important;}&#8220;][\/vc_column_inner][\/vc_row_inner][\/vc_column][\/vc_row][vc_row full_width=&#8220;stretch_row&#8220; css=&#8220;.vc_custom_1616498738045{padding-top: 10px !important;padding-bottom: 10px !important;background-color: #eeeeee !important;}&#8220;][vc_column][vc_row_inner][vc_column_inner width=&#8220;1\/6&#8243;][vc_single_image image=&#8220;33&#8243; img_size=&#8220;full&#8220;][\/vc_column_inner][vc_column_inner width=&#8220;5\/6&#8243;][vc_custom_heading text=&#8220;CETOP 8&#8243; font_container=&#8220;tag:h2|font_size:64|text_align:left|color:%23000000&#8243; use_theme_fonts=&#8220;yes&#8220;][vc_column_text]Die Produktpalette der Fa. Eurofluid setzt sich wie folgt zusammen: Einzel Montageplatten, Mehrfach Montageplatten, Reduzier- und Abschlussplatten, Pru\u0308fplatten.[\/vc_column_text][\/vc_column_inner][vc_column_inner el_class=&#8220;text-centered&#8220;][vc_btn title=&#8220;Grundplatten&#8220; style=&#8220;flat&#8220; color=&#8220;inverse&#8220; size=&#8220;lg&#8220; i_align=&#8220;right&#8220; i_icon_fontawesome=&#8220;fas fa-angle-right&#8220; add_icon=&#8220;true&#8220; link=&#8220;url:https%3A%2F%2Fwww.eurofluid.it%2Fde%2Fhydraulic-manifold-blocks%2Fgrundplatten-ng25%2F&#8220; css=&#8220;.vc_custom_1642503912025{margin-right: 5px !important;}&#8220;][vc_btn title=&#8220;Reihenplatte&#8220; style=&#8220;flat&#8220; color=&#8220;inverse&#8220; size=&#8220;lg&#8220; i_align=&#8220;right&#8220; i_icon_fontawesome=&#8220;fas fa-angle-right&#8220; add_icon=&#8220;true&#8220; link=&#8220;url:https%3A%2F%2Fwww.eurofluid.it%2Fde%2Fhydraulic-manifold-blocks%2Freihenplatte-ng25%2F&#8220; css=&#8220;.vc_custom_1642503921217{margin-right: 5px !important;}&#8220;][vc_btn title=&#8220;Blind und Reduzierplatten&#8220; style=&#8220;flat&#8220; color=&#8220;inverse&#8220; size=&#8220;lg&#8220; i_align=&#8220;right&#8220; i_icon_fontawesome=&#8220;fas fa-angle-right&#8220; add_icon=&#8220;true&#8220; link=&#8220;url:https%3A%2F%2Fwww.eurofluid.it%2Fde%2Fhydraulic-manifold-blocks%2Fblind-und-reduzierplatten-ng25%2F&#8220; css=&#8220;.vc_custom_1642503930768{margin-right: 5px !important;}&#8220;][\/vc_column_inner][\/vc_row_inner][\/vc_column][\/vc_row][vc_row full_width=&#8220;stretch_row&#8220; full_height=&#8220;yes&#8220; bg_type=&#8220;image&#8220; parallax_style=&#8220;vcpb-default&#8220; bg_image_new=&#8220;id^2521|url^https:\/\/www.eurofluid.it\/wp-content\/uploads\/2021\/05\/parallax-bg.jpg|caption^null|alt^null|title^parallax-bg|description^null&#8220; bg_image_repeat=&#8220;no-repeat&#8220; bg_img_attach=&#8220;fixed&#8220; css=&#8220;.vc_custom_1621341605587{padding-bottom: 32px !important;}&#8220;][vc_column][vc_row_inner css=&#8220;.vc_custom_1616500023544{background-color: rgba(255,255,255,0.89) !important;*background-color: rgb(255,255,255) !important;}&#8220;][vc_column_inner][vc_column_text]<\/p>\n<h2>Eurofluid Hydraulic<\/h2>\n<p class=\"vc_custom_heading\">EUROFLUID HYDRAULIC wurde 1994 gegr\u00fcndet und etablierte sich schnell als Referenz auf dem italienischen und europ\u00e4ischen Markt f\u00fcr Bl\u00f6cke f\u00fcr Hydraulikventile.<\/p>\n<p class=\"vc_custom_heading\">Die Faktoren, die hinter dem verdienten ausgezeichneten Ruf stehen, sind f\u00fcr das Unternehmen von grundlegender Bedeutung. Gro\u00dfe Aufmerksamkeit auf die Auswahl der Rohstoffe; Ein zuverl\u00e4ssiges und engagiertes Team qualifizierter Mitarbeiter; Absolute Beachtung der Qualit\u00e4tsstandards zur Erf\u00fcllung der Kundenanforderungen.<\/p>\n<p class=\"vc_custom_heading\">Die Rolle der technischen Abteilung ist auch von gro\u00dfer Bedeutung, dank des Fachwissens ihrer Spezialisten in ihrer F\u00e4higkeit, jede einzelne Anwendung von L\u00f6sungen, die ein hohes Ma\u00df an Anpassung erfordern, effizient zu erf\u00fcllen.<\/p>\n<p>[\/vc_column_text][\/vc_column_inner][\/vc_row_inner][\/vc_column][\/vc_row]<\/p>\n<\/div>","protected":false},"excerpt":{"rendered":"<p>[vc_row disable_element=&#8220;yes&#8220;][vc_column][vc_single_image image=&#8220;3713&#8243; img_size=&#8220;full&#8220; alignment=&#8220;center&#8220; onclick=&#8220;custom_link&#8220; img_link_target=&#8220;_blank&#8220; css_animation=&#8220;fadeInDown&#8220; link=&#8220;https:\/\/www.hannovermesse.de\/en\/application\/registration\/direct-entry-tickets-passes?code=1MkPi&#8220;][\/vc_column][\/vc_row][vc_row][vc_column width=&#8220;1\/2&#8243;][vc_column_text] Hydraulische Steuerbl\u00f6cke Entwicklung und Fertigung von hydraulischen Steuerbl\u00f6cken. Eurofluid Hydraulik ist ein Spezialist in der Fertigung von hydraulischen Steuerbl\u00f6cken und einem Standard Programm an Montageplatten, die sich wie folgt zusammensetzen: einzeln Montageplatten mehrfach Montageplatten l\u00e4ngs Verkettungen h\u00f6hen Verkettungen Zwischenplatten Hochdruck und Niederdruck Steuerbl\u00f6cke Reduzierplatten Hydraulisches&hellip;<\/p>\n","protected":false},"author":1,"featured_media":0,"parent":0,"menu_order":0,"comment_status":"closed","ping_status":"closed","template":"","meta":{"_acf_changed":false,"footnotes":""},"class_list":["post-1390","page","type-page","status-publish","hentry","description-off"],"acf":[],"_links":{"self":[{"href":"https:\/\/www.eurofluid.it\/de\/wp-json\/wp\/v2\/pages\/1390","targetHints":{"allow":["GET"]}}],"collection":[{"href":"https:\/\/www.eurofluid.it\/de\/wp-json\/wp\/v2\/pages"}],"about":[{"href":"https:\/\/www.eurofluid.it\/de\/wp-json\/wp\/v2\/types\/page"}],"author":[{"embeddable":true,"href":"https:\/\/www.eurofluid.it\/de\/wp-json\/wp\/v2\/users\/1"}],"replies":[{"embeddable":true,"href":"https:\/\/www.eurofluid.it\/de\/wp-json\/wp\/v2\/comments?post=1390"}],"version-history":[{"count":21,"href":"https:\/\/www.eurofluid.it\/de\/wp-json\/wp\/v2\/pages\/1390\/revisions"}],"predecessor-version":[{"id":3729,"href":"https:\/\/www.eurofluid.it\/de\/wp-json\/wp\/v2\/pages\/1390\/revisions\/3729"}],"wp:attachment":[{"href":"https:\/\/www.eurofluid.it\/de\/wp-json\/wp\/v2\/media?parent=1390"}],"curies":[{"name":"wp","href":"https:\/\/api.w.org\/{rel}","templated":true}]}}