{"id":1400,"date":"2021-03-24T17:42:33","date_gmt":"2021-03-24T16:42:33","guid":{"rendered":"https:\/\/www.eurofluid.it\/contatti\/"},"modified":"2021-05-21T15:09:52","modified_gmt":"2021-05-21T13:09:52","slug":"kontakte","status":"publish","type":"page","link":"https:\/\/www.eurofluid.it\/de\/kontakte\/","title":{"rendered":"Kontakte"},"content":{"rendered":"<div class=\"wpb-content-wrapper\"><p>[vc_row full_width=&#8220;stretch_row&#8220; full_height=&#8220;yes&#8220; content_placement=&#8220;middle&#8220; bg_type=&#8220;image&#8220; parallax_style=&#8220;vcpb-default&#8220; bg_image_new=&#8220;id^2408|url^https:\/\/www.eurofluid.it\/wp-content\/uploads\/2021\/05\/background-contatti-low.jpg|caption^null|alt^null|title^background-contatti-low|description^null&#8220; bg_image_repeat=&#8220;no-repeat&#8220; bg_image_posiiton=&#8220;0 -28em&#8220;][vc_column][vc_row_inner css=&#8220;.vc_custom_1617718606074{margin-bottom: 20px !important;}&#8220;][vc_column_inner offset=&#8220;vc_col-lg-offset-8 vc_col-lg-4&#8243; css=&#8220;.vc_custom_1620989899007{background-color: rgba(255,255,255,0.9) !important;*background-color: rgb(255,255,255) !important;}&#8220;][vc_column_text]<\/p>\n<h1>Kontakte<\/h1>\n<p>[\/vc_column_text]<div class=\"smile_icon_list_wrap ult_info_list_container ult-adjust-bottom-margin  \"><ul class=\"smile_icon_list left square with_bg\"><li class=\"icon_list_item\" style=\" font-size:90px;\"><div class=\"icon_list_icon\" data-animation=\"\" data-animation-delay=\"03\" style=\"font-size:30px;border-width:1px;border-style:none;background:#2c438f;color:#ffffff;border-color:#333333;\"><i class=\"icomoon-the7-font-the7-map-02\" ><\/i><\/div><div class=\"icon_description\" id=\"Info-list-wrap-4446\" style=\"font-size:30px;\"><div class=\"icon_description_text ult-responsive\"  data-ultimate-target='#Info-list-wrap-4446 .icon_description_text'  data-responsive-json-new='{\"font-size\":\"desktop:21px;\",\"line-height\":\"desktop:30px;\"}'  style=\"\"><p>Via Martiri della Romania 6 (Case Spadoni) \u2013 42020 Borzano di Albinea (RE)<\/p>\n<\/div><\/div><div class=\"icon_list_connector\"  style=\"border: none !important;\"><\/div><\/li><li class=\"icon_list_item\" style=\" font-size:90px;\"><div class=\"icon_list_icon\" data-animation=\"\" data-animation-delay=\"03\" style=\"font-size:30px;border-width:1px;border-style:none;background:#2c438f;color:#ffffff;border-color:#333333;\"><i class=\"icomoon-the7-font-the7-mail-01\" ><\/i><\/div><div class=\"icon_description\" id=\"Info-list-wrap-1348\" style=\"font-size:30px;\"><div class=\"icon_description_text ult-responsive\"  data-ultimate-target='#Info-list-wrap-1348 .icon_description_text'  data-responsive-json-new='{\"font-size\":\"desktop:32px;\",\"line-height\":\"desktop:18px;\"}'  style=\"\"><p><a href=\"mailto:info@eurofluid.it\">info@eurofluid.it<\/a><\/p>\n<\/div><\/div><div class=\"icon_list_connector\"  style=\"border: none !important;\"><\/div><\/li><li class=\"icon_list_item\" style=\" font-size:90px;\"><div class=\"icon_list_icon\" data-animation=\"\" data-animation-delay=\"03\" style=\"font-size:30px;border-width:1px;border-style:none;background:#2c438f;color:#ffffff;border-color:#333333;\"><i class=\"fas fa-phone-alt\" ><\/i><\/div><div class=\"icon_description\" id=\"Info-list-wrap-7018\" style=\"font-size:30px;\"><div class=\"icon_description_text ult-responsive\"  data-ultimate-target='#Info-list-wrap-7018 .icon_description_text'  data-responsive-json-new='{\"font-size\":\"desktop:32px;\",\"line-height\":\"desktop:18px;\"}'  style=\"\"><p>+39 0522 349017<\/p>\n<\/div><\/div><div class=\"icon_list_connector\"  style=\"border: none !important;\"><\/div><\/li><\/ul><\/div>[\/vc_column_inner][\/vc_row_inner][\/vc_column][\/vc_row][vc_row][vc_column width=&#8220;1\/2&#8243;][vc_custom_heading text=&#8220;Wo wir sind&#8220; use_theme_fonts=&#8220;yes&#8220;][vc_separator color=&#8220;custom&#8220; align=&#8220;align_left&#8220; border_width=&#8220;3&#8243; el_width=&#8220;10&#8243;][vc_column_text]Anfahrtswege<br \/>\n\u00bb\u00a0<a href=\"https:\/\/www.google.com\/maps\/dir\/Casello+di+Reggio+Emilia,+A1+Milano+-+Napoli,+42124+Reggio+Emilia+RE\/Eurofluid+Hydraulic,+Via+Martiri+della+Romania,+Albinea,+RE\/@44.6671179,10.5612486,12z\/data=!3m1!4b1!4m14!4m13!1m5!1m1!1s0x47801c1fc8f20eef:0x46205249b923411!2m2!1d10.630531!2d44.7254696!1m5!1m1!1s0x47801c475b664f01:0x9368b871bae000e2!2m2!1d10.6545982!2d44.6085548!3e0\" target=\"_blank\" rel=\"noopener\">Ausfahrt Autobahn A1 in Reggio Emilia<\/a><br \/>\n\u00bb\u00a0<a href=\"https:\/\/www.google.com\/maps\/dir\/Casello+di+Modena+Nord,+Str.+Cave+di+Ramo,+107,+41123+Modena+MO\/Eurofluid+Hydraulic,+Via+Martiri+della+Romania,+Albinea,+RE\/@44.6044747,10.6931333,11.95z\/data=!4m15!4m14!1m5!1m1!1s0x477fef65c2065f7b:0xa8b640683ce41684!2m2!1d10.8667337!2d44.6535015!1m5!1m1!1s0x47801c475b664f01:0x9368b871bae000e2!2m2!1d10.6545982!2d44.6085548!3e0!5i1\" target=\"_blank\" rel=\"noopener\">Ausfahrt Autobahn A1 in Modena Nord<\/a>[\/vc_column_text][vc_column_text]<iframe loading=\"lazy\" style=\"border: 0;\" src=\"https:\/\/www.google.com\/maps\/embed?pb=!1m18!1m12!1m3!1d2840.4362473619826!2d10.652409515905257!3d44.60855477910019!2m3!1f0!2f0!3f0!3m2!1i1024!2i768!4f13.1!3m3!1m2!1s0x47801c475b664f01%3A0x9368b871bae000e2!2sEurofluid%20Hydraulic!5e0!3m2!1sit!2sit!4v1616663996778!5m2!1sit!2sit\" width=\"600\" height=\"650\" allowfullscreen=\"allowfullscreen\"><span data-mce-type=\"bookmark\" style=\"display: inline-block; width: 0px; overflow: hidden; line-height: 0;\" class=\"mce_SELRES_start\">\ufeff<\/span><\/iframe>[\/vc_column_text][\/vc_column][vc_column width=&#8220;1\/2&#8243;][vc_custom_heading text=&#8220;In kontakt kommen&#8220; use_theme_fonts=&#8220;yes&#8220;][vc_separator color=&#8220;custom&#8220; align=&#8220;align_left&#8220; border_width=&#8220;3&#8243; el_width=&#8220;10&#8243;][vc_column_text]Wenn Sie Fragen zu den von uns gelieferten Produkten haben, verwenden Sie bitte das Kontaktformular. Wir versuchen alle Fragen so schnell wie m\u00f6glich zu beantworten.[\/vc_column_text]\n<div class=\"wpcf7 no-js\" id=\"wpcf7-f1404-o1\" lang=\"de-DE\" dir=\"ltr\" data-wpcf7-id=\"1404\">\n<div class=\"screen-reader-response\"><p role=\"status\" aria-live=\"polite\" aria-atomic=\"true\"><\/p> <ul><\/ul><\/div>\n<form action=\"\/de\/wp-json\/wp\/v2\/pages\/1400#wpcf7-f1404-o1\" method=\"post\" class=\"wpcf7-form init\" aria-label=\"Kontaktformular\" novalidate=\"novalidate\" data-status=\"init\">\n<fieldset class=\"hidden-fields-container\"><input type=\"hidden\" name=\"_wpcf7\" value=\"1404\" \/><input type=\"hidden\" name=\"_wpcf7_version\" value=\"6.1.2\" \/><input type=\"hidden\" name=\"_wpcf7_locale\" value=\"de_DE\" \/><input type=\"hidden\" name=\"_wpcf7_unit_tag\" value=\"wpcf7-f1404-o1\" \/><input type=\"hidden\" name=\"_wpcf7_container_post\" value=\"0\" \/><input type=\"hidden\" name=\"_wpcf7_posted_data_hash\" value=\"\" \/><input type=\"hidden\" name=\"_wpcf7_recaptcha_response\" value=\"\" \/>\n<\/fieldset>\n<p><label><span class=\"wpcf7-form-control-wrap\" data-name=\"nome\"><input size=\"40\" maxlength=\"400\" class=\"wpcf7-form-control wpcf7-text wpcf7-validates-as-required\" aria-required=\"true\" aria-invalid=\"false\" placeholder=\"Name und Nachname *\" value=\"\" type=\"text\" name=\"nome\" \/><\/span><\/label>\n<\/p>\n<p><label><span class=\"wpcf7-form-control-wrap\" data-name=\"e_mail\"><input size=\"40\" maxlength=\"400\" class=\"wpcf7-form-control wpcf7-email wpcf7-validates-as-required wpcf7-text wpcf7-validates-as-email\" aria-required=\"true\" aria-invalid=\"false\" placeholder=\"E-mail addresse *\" value=\"\" type=\"email\" name=\"e_mail\" \/><\/span><\/label>\n<\/p>\n<p><label><span class=\"wpcf7-form-control-wrap\" data-name=\"telephone\"><input size=\"40\" maxlength=\"400\" class=\"wpcf7-form-control wpcf7-tel wpcf7-validates-as-required wpcf7-text wpcf7-validates-as-tel\" aria-required=\"true\" aria-invalid=\"false\" placeholder=\"Telefon *\" value=\"\" type=\"tel\" name=\"telephone\" \/><\/span><\/label>\n<\/p>\n<p><label><span class=\"wpcf7-form-control-wrap\" data-name=\"paese\"><input size=\"40\" maxlength=\"400\" class=\"wpcf7-form-control wpcf7-text\" aria-invalid=\"false\" placeholder=\"Land\" value=\"\" type=\"text\" name=\"paese\" \/><\/span><\/label>\n<\/p>\n<p><label><span class=\"wpcf7-form-control-wrap\" data-name=\"citta\"><input size=\"40\" maxlength=\"400\" class=\"wpcf7-form-control wpcf7-text\" aria-invalid=\"false\" placeholder=\"Stadt\" value=\"\" type=\"text\" name=\"citta\" \/><\/span><\/label>\n<\/p>\n<p><label><span class=\"wpcf7-form-control-wrap\" data-name=\"azienda\"><input size=\"40\" maxlength=\"400\" class=\"wpcf7-form-control wpcf7-text wpcf7-validates-as-required\" aria-required=\"true\" aria-invalid=\"false\" placeholder=\"Unternehmen *\" value=\"\" type=\"text\" name=\"azienda\" \/><\/span><\/label>\n<\/p>\n<p><label><span class=\"wpcf7-form-control-wrap\" data-name=\"sito\"><input size=\"40\" maxlength=\"400\" class=\"wpcf7-form-control wpcf7-url wpcf7-text wpcf7-validates-as-url\" aria-invalid=\"false\" placeholder=\"Unternehmenswebseite\" value=\"\" type=\"url\" name=\"sito\" \/><\/span><\/label>\n<\/p>\n<p><label><span class=\"wpcf7-form-control-wrap\" data-name=\"messaggio\"><textarea cols=\"40\" rows=\"10\" maxlength=\"2000\" class=\"wpcf7-form-control wpcf7-textarea\" aria-invalid=\"false\" placeholder=\"Botschaft\" name=\"messaggio\"><\/textarea><\/span><\/label>\n<\/p>\n<p><span class=\"wpcf7-form-control-wrap\" data-name=\"gdpr\"><span class=\"wpcf7-form-control wpcf7-acceptance\"><span class=\"wpcf7-list-item\"><label><input type=\"checkbox\" name=\"gdpr\" value=\"1\" aria-invalid=\"false\" \/><span class=\"wpcf7-list-item-label\">Mit einem Klick best\u00e4tige ich, dass ich gelesen habe und die Bedingungen in der Datenschutzerkl\u00e4rung und in der Cookie-Politik zur Verf\u00fcgung gestellt werden.<\/span><\/label><\/span><\/span><\/span>\n<\/p>\n<p><input class=\"wpcf7-form-control wpcf7-submit has-spinner\" type=\"submit\" value=\"Senden\" \/>\n<\/p><div class=\"wpcf7-response-output\" aria-hidden=\"true\"><\/div>\n<\/form>\n<\/div>\n[\/vc_column][\/vc_row]<\/p>\n<\/div>","protected":false},"excerpt":{"rendered":"<p>[vc_row full_width=&#8220;stretch_row&#8220; full_height=&#8220;yes&#8220; content_placement=&#8220;middle&#8220; bg_type=&#8220;image&#8220; parallax_style=&#8220;vcpb-default&#8220; bg_image_new=&#8220;id^2408|url^https:\/\/www.eurofluid.it\/wp-content\/uploads\/2021\/05\/background-contatti-low.jpg|caption^null|alt^null|title^background-contatti-low|description^null&#8220; bg_image_repeat=&#8220;no-repeat&#8220; bg_image_posiiton=&#8220;0 -28em&#8220;][vc_column][vc_row_inner css=&#8220;.vc_custom_1617718606074{margin-bottom: 20px !important;}&#8220;][vc_column_inner offset=&#8220;vc_col-lg-offset-8 vc_col-lg-4&#8243; css=&#8220;.vc_custom_1620989899007{background-color: rgba(255,255,255,0.9) !important;*background-color: rgb(255,255,255) !important;}&#8220;][vc_column_text] Kontakte [\/vc_column_text][\/vc_column_inner][\/vc_row_inner][\/vc_column][\/vc_row][vc_row][vc_column width=&#8220;1\/2&#8243;][vc_custom_heading text=&#8220;Wo wir sind&#8220; use_theme_fonts=&#8220;yes&#8220;][vc_separator color=&#8220;custom&#8220; align=&#8220;align_left&#8220; border_width=&#8220;3&#8243; el_width=&#8220;10&#8243;][vc_column_text]Anfahrtswege \u00bb\u00a0Ausfahrt Autobahn A1 in Reggio Emilia \u00bb\u00a0Ausfahrt Autobahn A1 in Modena Nord[\/vc_column_text][vc_column_text]\ufeff[\/vc_column_text][\/vc_column][vc_column width=&#8220;1\/2&#8243;][vc_custom_heading text=&#8220;In kontakt kommen&#8220; use_theme_fonts=&#8220;yes&#8220;][vc_separator color=&#8220;custom&#8220; align=&#8220;align_left&#8220; border_width=&#8220;3&#8243; el_width=&#8220;10&#8243;][vc_column_text]Wenn Sie Fragen zu&hellip;<\/p>\n","protected":false},"author":1,"featured_media":0,"parent":0,"menu_order":0,"comment_status":"closed","ping_status":"closed","template":"","meta":{"_acf_changed":false,"footnotes":""},"class_list":["post-1400","page","type-page","status-publish","hentry","description-off"],"acf":[],"_links":{"self":[{"href":"https:\/\/www.eurofluid.it\/de\/wp-json\/wp\/v2\/pages\/1400","targetHints":{"allow":["GET"]}}],"collection":[{"href":"https:\/\/www.eurofluid.it\/de\/wp-json\/wp\/v2\/pages"}],"about":[{"href":"https:\/\/www.eurofluid.it\/de\/wp-json\/wp\/v2\/types\/page"}],"author":[{"embeddable":true,"href":"https:\/\/www.eurofluid.it\/de\/wp-json\/wp\/v2\/users\/1"}],"replies":[{"embeddable":true,"href":"https:\/\/www.eurofluid.it\/de\/wp-json\/wp\/v2\/comments?post=1400"}],"version-history":[{"count":6,"href":"https:\/\/www.eurofluid.it\/de\/wp-json\/wp\/v2\/pages\/1400\/revisions"}],"predecessor-version":[{"id":2548,"href":"https:\/\/www.eurofluid.it\/de\/wp-json\/wp\/v2\/pages\/1400\/revisions\/2548"}],"wp:attachment":[{"href":"https:\/\/www.eurofluid.it\/de\/wp-json\/wp\/v2\/media?parent=1400"}],"curies":[{"name":"wp","href":"https:\/\/api.w.org\/{rel}","templated":true}]}}