{"id":2314,"date":"2021-04-06T18:05:52","date_gmt":"2021-04-06T16:05:52","guid":{"rendered":"https:\/\/www.eurofluid.it\/azienda\/"},"modified":"2024-05-03T15:34:51","modified_gmt":"2024-05-03T13:34:51","slug":"unternehmen","status":"publish","type":"page","link":"https:\/\/www.eurofluid.it\/de\/unternehmen\/","title":{"rendered":"Unternehmen"},"content":{"rendered":"<div class=\"wpb-content-wrapper\"><p>[vc_row full_width=&#8220;stretch_row_content_no_spaces&#8220;][vc_column][vc_column_text]<script src=\"https:\/\/static.kuula.io\/embed.js\" data-kuula=\"https:\/\/kuula.co\/share\/collection\/7YCZl?fs=0&#038;vr=0&#038;sd=1&#038;autorotate=0.14&#038;thumbs=-1&#038;alpha=0.60&#038;inst=0&#038;info=0&#038;logo=1\" data-width=\"100%\" data-height=\"850px\"><\/script>[\/vc_column_text][\/vc_column][\/vc_row][vc_row][vc_column][vc_row_inner][vc_column_inner][vc_column_text]<\/p>\n<h1>Firmenprofil<\/h1>\n<h2>Hohes \u201ccustomization\u201d Niveau und geeignete L\u00f6sungen<\/h2>\n<p>[\/vc_column_text][\/vc_column_inner][\/vc_row_inner][vc_row_inner equal_height=&#8220;yes&#8220; content_placement=&#8220;middle&#8220;][vc_column_inner width=&#8220;1\/2&#8243;][vc_column_text]Im Jahr 1994 gegr\u00fcndet, setzte sich EUROFLUID HYDRAULIC in k\u00fcrzester Zeit als Hersteller auf dem italienischen und europ\u00e4ischen Markt von Platten und Bl\u00f6cken f\u00fcr hydraulische Ventile durch.<\/p>\n<p>Der Erfolg der erreichten Ergebnisse sind wesentlich abh\u00e4ngig von: Qualit\u00e4tsauswahl der Rohmaterialen, ein zuverl\u00e4ssiges und fachkundiges Team, hoher Qualit\u00e4tsstandard der Produktion.<br \/>\nEUROFLUID hat seine Identit\u00e4t auf diesen Grundlagen aufgebaut und handelt danach.<\/p>\n<p>EUROFLUID HYDRAULIC Produkte sind sehr gesch\u00e4tzt und werden von Herstellern und H\u00e4ndlern zur Fertigung von hydraulischen Anlagen und automatischen Maschinen in verschiedenen Industriezweigen eingesetzt.<br \/>\nDurch die gro\u00dfe Produktpalette von EUROFLUID HYDRAULIC lassen sich viele Anwendungen erf\u00fcllen: Einzelplatten, Mehrfachreihenplatten, Verkettungsplatten, Bl\u00f6cke, Ventile usw. in Standardausf\u00fchrungen.<\/p>\n<p>Eine gro\u00dfe Wichtigkeit spielt au\u00dferdem die Rolle der Konstruktionsabteilung: Dank des hohen Know-hows unserer Fachleute k\u00f6nnen viele Sonderl\u00f6sungen umgesetzt werden, die eine hohes Niveau des Produktes verlangen.<\/p>\n<p>Gefertigt wird durch moderne NC-Maschinen (Horzintal-NC-Maschinen). Unter der genauen Kontrolle von Facharbeitern wird die Qualit\u00e4t der gefertigten Teil gepr\u00fcft, um die vollst\u00e4ndige Sicherheit und Zuverl\u00e4ssigkeit der selben zu gew\u00e4hren.<\/p>\n<p>Die Suche nach Perfektion, die Eurofluid Hydraulic in jeder Phase des Produktlebens vom Rohmaterial bis zur Produktion und Endpr\u00fcfung antreibt, wird auch bei der Leistungsf\u00e4higkeit der Versandabteilung fortgesetzt, die dank der st\u00e4ndigen Betriebsamkeit dem Kunden eine p\u00fcnktliche Auslieferung gew\u00e4hren kann.<\/p>\n<p>EUROFLUID HYDRAULIC hat Personal von mehr als 90 Mitarbeitern, verf\u00fcgt \u00fcber eine Produktionsfl\u00e4che von 8.500 qm.[\/vc_column_text][\/vc_column_inner][vc_column_inner width=&#8220;1\/2&#8243;][vc_single_image image=&#8220;2224&#8243; img_size=&#8220;large&#8220;][\/vc_column_inner][\/vc_row_inner][\/vc_column][\/vc_row][vc_row full_width=&#8220;stretch_row&#8220; bg_type=&#8220;bg_color&#8220; bg_color_value=&#8220;#fff000&#8243;][vc_column][vc_row_inner][vc_column_inner width=&#8220;1\/2&#8243;][vc_column_text]<\/p>\n<h1>Qualit\u00e4t<\/h1>\n<h2>Immer im Mittelpunkt unseres Service.<\/h2>\n<p>[\/vc_column_text][\/vc_column_inner][vc_column_inner width=&#8220;1\/2&#8243;][vc_column_text]Mit der Erlangung der ISO 9001: 2000-Zertifizierung im Jahr 2004 hat EUROFLUID HYDRAULICS das Bewusstsein gest\u00e4rkt, dass nur durch kontinuierliche, gezielte und vorbeugende Ma\u00dfnahmen die Produktionseffizienz und die Qualit\u00e4t seiner Produkte st\u00e4ndig verbessert werden k\u00f6nnen.<\/p>\n<p>F\u00fcr EUROFLUID HYDRAULICS ist \u201eQualit\u00e4t\u201c nicht nur ein Ziel, sondern die Unternehmensphilosophie. Damit stehen die Bed\u00fcrfnisse des Kunden im Mittelpunkt jedes Aspekts der Produktion.[\/vc_column_text][\/vc_column_inner][\/vc_row_inner][\/vc_column][\/vc_row][vc_row][vc_column][vc_row_inner][vc_column_inner][vc_column_text]<\/p>\n<h1>Produktion<\/h1>\n<h2>Rechtzeitige und auf die Kundenbed\u00fcrfnisse gezielte Antworten<\/h2>\n<p>EUROFLUID HYDRAULIC hat die Fertigung der Bl\u00f6cke in zwei bestimmten Abteilungen getrennt, um die Qualit\u00e4t der Verfahren zu verbessern.[\/vc_column_text][\/vc_column_inner][\/vc_row_inner][vc_row_inner equal_height=&#8220;yes&#8220; content_placement=&#8220;middle&#8220;][vc_column_inner width=&#8220;1\/2&#8243;][vc_single_image image=&#8220;2166&#8243; img_size=&#8220;large&#8220; alignment=&#8220;center&#8220;][\/vc_column_inner][vc_column_inner width=&#8220;1\/2&#8243;][vc_column_text]Die erste Abteilung ist f\u00fcr die Fertigung der Prototypen bestimmt. Fachleute mit bew\u00e4hrter Erfahrung fertigen Prototypen von 1 bis 3 St\u00fcck durch die Verwendung von Radialbohrmaschinen und traditionellen CNC-Maschinen und erreichen so f\u00fcr den Kunden eine hohe Qualit\u00e4t.[\/vc_column_text][\/vc_column_inner][\/vc_row_inner][vc_row_inner equal_height=&#8220;yes&#8220; content_placement=&#8220;middle&#8220;][vc_column_inner width=&#8220;1\/2&#8243;][vc_column_text]Die zweite Abteilung ist f\u00fcr die Fertigung von hohen St\u00fcckz\u00e4hlen bestimmt und besteht aus 10 NC-Maschinen mit flexibelem Multipalletsystem, die bis 1000 St\u00fcck aufnehmen und durchschnittliche Lose von je 50 St\u00fcck produzieren k\u00f6nnen.<\/p>\n<p>Die hohe Flexibilit\u00e4t der Fertigung erm\u00f6glicht EUROFLUID HYDRAULIC, die Erfordernisse ihrer Kunden rechtzeitig hinsichtlich hohen Standardqualit\u00e4tsniveaus zu beantworten. Spitzentechnologien und die dauernde Fortbildung des Personals sind die Grundlagen, an die EUROFLUID HYDRAULIC glaubt und in die sie schon immer investiert hat.[\/vc_column_text][\/vc_column_inner][vc_column_inner width=&#8220;1\/2&#8243;][vc_single_image image=&#8220;2170&#8243; img_size=&#8220;440&#215;660&#8243; alignment=&#8220;center&#8220;][\/vc_column_inner][\/vc_row_inner][\/vc_column][\/vc_row][vc_row full_width=&#8220;stretch_row_content_no_spaces&#8220;][vc_column][vc_media_grid style=&#8220;lazy&#8220; items_per_page=&#8220;12&#8243; element_width=&#8220;2&#8243; gap=&#8220;2&#8243; grid_id=&#8220;vc_gid:1714743058096-45587cb1-19f4-9&#8243; include=&#8220;2240,2228,2264,2601,2236,2268,2244,2248,2252,2256,2260,2285&#8243;][\/vc_column][\/vc_row][vc_row full_width=&#8220;stretch_row&#8220; bg_type=&#8220;bg_color&#8220;][vc_column][vc_row_inner][vc_column_inner][vc_column_text]<\/p>\n<h1>Markt<\/h1>\n<h2>Ein Netzwerk von 200 Vertretern<\/h2>\n<p>[\/vc_column_text][\/vc_column_inner][\/vc_row_inner][vc_row_inner equal_height=&#8220;yes&#8220; content_placement=&#8220;middle&#8220;][vc_column_inner width=&#8220;1\/2&#8243;][vc_column_text]EUROFLUID HYDRAULIC legt gro\u00dfen Wert auf ihr Vertriebssnetz, dem sie vertraut und mit der sie eine enge Zusammenarbeit pflegt. Sie ist von gegenseitigen Wachstum und Entwicklung gepr\u00e4gt. Sie beliefert nicht nur die meisten \u201cLeader\u201d auf der Welt sondern auch ein Netzwerk von mehr als 200 H\u00e4ndlern, die die komplette Produktpalette von EUROFLUID HYDRAULIC in ganz Europa und verschieden L\u00e4ndern der Welt einsetzen.<\/p>\n<p>Die breite Produktpalette (NG6\/NG10\/NG16\/NG25) zusammen mit der technischen \u2013 und Verkaufsunterst\u00fctzung sind Teil des Mehrwerts, mit dem das Unternehmen ihre eigene Kundenschaft betreut. Dadurch ist EUROFLUID HYDRAULIC f\u00fcr ihre Kundenschaft ein idealer Partner nicht nur f\u00fcr die Versorgung von Standardl\u00f6sungen, sondern auch und vor allem f\u00fcr die schwierigsten Realisierungen von kundenspezifischen Produkten.<\/p>\n<p>Der Erfolg der erreichten Ergebnisse sind wesentlich abh\u00e4ngig von: Qualit\u00e4tsauswahl der Rohmaterialen, ein zuverl\u00e4ssiges sowie fachkundiges Team und ein hoher Qualit\u00e4tsstandard der auf den Kunden zugeschnittenen Produkte.<br \/>\nEUROFLUID hat seine Identit\u00e4t auf diesen Grundlagen aufgebaut und handelt danach.<\/p>\n<p>Durch die Zusammenarbeit mit ihren H\u00e4ndlern ist EUROFLUID HYDRAULIC laufend \u00fcber die Marktlage und die Anforderung von \u00c4nderungen und Entwicklungen informiert. EUROFLUID HYDRAULIC kann dadurch L\u00f6sungen aufzeigen und ihren Vertretern einen konkurrenzf\u00e4higen Vorteil anbieten.[\/vc_column_text][\/vc_column_inner][vc_column_inner width=&#8220;1\/2&#8243;][vc_single_image image=&#8220;2188&#8243; img_size=&#8220;full&#8220; alignment=&#8220;center&#8220;][vc_single_image image=&#8220;2281&#8243; img_size=&#8220;full&#8220;][\/vc_column_inner][\/vc_row_inner][\/vc_column][\/vc_row][vc_row full_width=&#8220;stretch_row&#8220; full_height=&#8220;yes&#8220; content_placement=&#8220;middle&#8220; bg_type=&#8220;image&#8220; parallax_style=&#8220;vcpb-vz-jquery&#8220; bg_image_new=&#8220;id^2179|url^https:\/\/www.eurofluid.it\/wp-content\/uploads\/2021\/04\/background_eurofluid.jpg|caption^null|alt^null|title^background_eurofluid|description^null&#8220; bg_image_repeat=&#8220;repeat-y&#8220; bg_img_attach=&#8220;fixed&#8220;][vc_column][vc_row_inner css=&#8220;.vc_custom_1617718606074{margin-bottom: 20px !important;}&#8220;][vc_column_inner offset=&#8220;vc_col-lg-4&#8243; css=&#8220;.vc_custom_1617718634019{background-color: rgba(255,255,255,0.9) !important;*background-color: rgb(255,255,255) !important;}&#8220;][vc_custom_heading text=&#8220;MISSION&#8220; font_container=&#8220;tag:p|font_size:46|text_align:left&#8220; use_theme_fonts=&#8220;yes&#8220; css=&#8220;.vc_custom_1617718991265{margin-bottom: 20px !important;}&#8220;][vc_separator color=&#8220;black&#8220; align=&#8220;align_left&#8220; border_width=&#8220;3&#8243; el_width=&#8220;20&#8243;][vc_column_text]<\/p>\n<p style=\"text-align: justify;\">Die Mission von EUROFLUID HYDRAULIC ist es, ein f\u00fchrender europ\u00e4ischer Anbieter von Hydraulikbl\u00f6cken f\u00fcr industrielle Systeme und Systeme im Erdbewegungs- und Agrarsektor zu sein.<\/p>\n<p>[\/vc_column_text][\/vc_column_inner][\/vc_row_inner][vc_row_inner css=&#8220;.vc_custom_1617718606074{margin-bottom: 20px !important;}&#8220;][vc_column_inner offset=&#8220;vc_col-lg-offset-6 vc_col-lg-6&#8243; css=&#8220;.vc_custom_1617719089511{background-color: rgba(255,255,255,0.9) !important;*background-color: rgb(255,255,255) !important;}&#8220;][vc_custom_heading text=&#8220;WERTE UND PRINZIPIEN&#8220; font_container=&#8220;tag:p|font_size:46|text_align:left&#8220; use_theme_fonts=&#8220;yes&#8220; css=&#8220;.vc_custom_1617808894401{margin-bottom: 20px !important;}&#8220;][vc_separator color=&#8220;black&#8220; align=&#8220;align_left&#8220; border_width=&#8220;3&#8243; el_width=&#8220;20&#8243;][vc_column_text]EUROFLUID HYDRAULIC ist sich bewusst, dass es wichtig ist, positive und gemeinsame Werte und Prinzipien auf der Grundlage der Beziehungen zu seinen Mitarbeitern, Kunden und Lieferanten aufrechtzuerhalten, um sicherzustellen, dass seine Mission weiterhin erfolgreich ist.<\/p>\n<p>Erkennt an, dass Menschen ihre wertvollste Ressource sind und an ihrem Ziel festhalten m\u00f6chten, eine Atmosph\u00e4re des gegenseitigen Vertrauens und Respekts zu f\u00f6rdern, eine gute Kommunikation, eine gute Ausbildung auf allen Ebenen des Unternehmens aufrechtzuerhalten und sozial verantwortungsbewusst gegen\u00fcber der Umwelt zu handeln.<\/p>\n<p>Wenn Sie sich f\u00fcr EUROFLUID entscheiden, m\u00fcssen Sie sich f\u00fcr VALUE entscheiden.[\/vc_column_text][\/vc_column_inner][\/vc_row_inner][\/vc_column][\/vc_row][vc_row equal_height=&#8220;yes&#8220; content_placement=&#8220;middle&#8220;][vc_column][vc_row_inner][vc_column_inner][vc_column_text]<\/p>\n<h1>Historie<\/h1>\n<h2>Ein Bezugspunkt seit 1994<\/h2>\n<p>Unsere Geschichte f\u00e4ngt im Jahr 1957 an, als unser Gr\u00fcnder Gino Lugli, nach seinem technischen Studium, in verschiedenen fortschrittlichen Engineer-Unternehmen wie z.B. LOMBARDINI MOTORI zu arbeiten angefangen hat.[\/vc_column_text][\/vc_column_inner][\/vc_row_inner][vc_row_inner equal_height=&#8220;yes&#8220; content_placement=&#8220;middle&#8220;][vc_column_inner width=&#8220;1\/2&#8243;][vc_column_text]Im Jahr 1967 gr\u00fcndete er sein erstes Ingenieur-Unternehmen, LC MECCANICA GENERALI, das im Jahre 1973 in LC OLEODINAMICA umbenannt wird, die aktuelle BOSCH REXROTH Tochtergesellschaft LC.<\/p>\n<p>Im Jahr 1994 gr\u00fcndete Gino Lugli, dank seiner jahrzehntelangen Erfahrung im mechanischen und hydraulischen Sektor, die Firma EUROFLUID HYDRAULIC, mit der erkl\u00e4rten Absicht qualitativ hochwertige Hydraulikbl\u00f6cke zu produzieren. Hierzu machte er sich das Know-How seiner Mitarbeiter zu nutze, die im Hydrauliksektor bew\u00e4hrt waren.[\/vc_column_text][vc_single_image image=&#8220;2201&#8243; img_size=&#8220;full&#8220;][\/vc_column_inner][vc_column_inner width=&#8220;1\/2&#8243;][vc_single_image image=&#8220;2197&#8243; img_size=&#8220;full&#8220;][\/vc_column_inner][\/vc_row_inner][vc_row_inner][vc_column_inner][vc_column_text]Dank des hohen Know-How und der vorz\u00fcglichen Qualit\u00e4t etablierte sich das Unternehmen in kurzer Zeit als Referenz in den M\u00e4rkten in Italien und Europa, die mit der Produktion von Bl\u00f6cken f\u00fcr Ventile verkn\u00fcpft sind, und erreicht heute eine Exportquote von 80% des Umsatzes.<\/p>\n<p>EUROFLUID HYDRAULIC Produkte sind sehr gesch\u00e4tzt von vielen H\u00e4ndlern und Herstellern hydraulischer Systeme und Automatenmaschinenherstellern. Sie sind weit verbreitet und werden in verschiedensten Industriebereichen eingesetzt.<\/p>\n<p>Dank hoch qualifizierter Fachkr\u00e4fte, spielt die Konstruktionsabteilung eine herausragende Rolle im Unternehmen und ist in der Lage, den spezifischen Anforderungen unserer Kunden gerecht zu werden, die oftmals hohes Eindenkverm\u00f6gen verlangen.[\/vc_column_text][\/vc_column_inner][\/vc_row_inner][vc_row_inner][vc_column_inner][vc_column_text]<\/p>\n<h2>Die neue Industrieanlage erstreckt sich \u00fcber eine Fl\u00e4che von 8.500 Quadratmetern<\/h2>\n<p>[\/vc_column_text][\/vc_column_inner][vc_column_inner width=&#8220;1\/2&#8243;][vc_single_image image=&#8220;2215&#8243; img_size=&#8220;full&#8220; alignment=&#8220;center&#8220;][\/vc_column_inner][vc_column_inner width=&#8220;1\/2&#8243;][vc_single_image image=&#8220;2211&#8243; img_size=&#8220;full&#8220; alignment=&#8220;center&#8220;][\/vc_column_inner][\/vc_row_inner][\/vc_column][\/vc_row]<\/p>\n<\/div>","protected":false},"excerpt":{"rendered":"<p>[vc_row full_width=&#8220;stretch_row_content_no_spaces&#8220;][vc_column][vc_column_text][\/vc_column_text][\/vc_column][\/vc_row][vc_row][vc_column][vc_row_inner][vc_column_inner][vc_column_text] Firmenprofil Hohes \u201ccustomization\u201d Niveau und geeignete L\u00f6sungen [\/vc_column_text][\/vc_column_inner][\/vc_row_inner][vc_row_inner equal_height=&#8220;yes&#8220; content_placement=&#8220;middle&#8220;][vc_column_inner width=&#8220;1\/2&#8243;][vc_column_text]Im Jahr 1994 gegr\u00fcndet, setzte sich EUROFLUID HYDRAULIC in k\u00fcrzester Zeit als Hersteller auf dem italienischen und europ\u00e4ischen Markt von Platten und Bl\u00f6cken f\u00fcr hydraulische Ventile durch. Der Erfolg der erreichten Ergebnisse sind wesentlich abh\u00e4ngig von: Qualit\u00e4tsauswahl der Rohmaterialen, ein zuverl\u00e4ssiges und fachkundiges&hellip;<\/p>\n","protected":false},"author":1,"featured_media":0,"parent":0,"menu_order":0,"comment_status":"closed","ping_status":"closed","template":"","meta":{"_acf_changed":false,"footnotes":""},"class_list":["post-2314","page","type-page","status-publish","hentry","description-off"],"acf":[],"_links":{"self":[{"href":"https:\/\/www.eurofluid.it\/de\/wp-json\/wp\/v2\/pages\/2314","targetHints":{"allow":["GET"]}}],"collection":[{"href":"https:\/\/www.eurofluid.it\/de\/wp-json\/wp\/v2\/pages"}],"about":[{"href":"https:\/\/www.eurofluid.it\/de\/wp-json\/wp\/v2\/types\/page"}],"author":[{"embeddable":true,"href":"https:\/\/www.eurofluid.it\/de\/wp-json\/wp\/v2\/users\/1"}],"replies":[{"embeddable":true,"href":"https:\/\/www.eurofluid.it\/de\/wp-json\/wp\/v2\/comments?post=2314"}],"version-history":[{"count":7,"href":"https:\/\/www.eurofluid.it\/de\/wp-json\/wp\/v2\/pages\/2314\/revisions"}],"predecessor-version":[{"id":3698,"href":"https:\/\/www.eurofluid.it\/de\/wp-json\/wp\/v2\/pages\/2314\/revisions\/3698"}],"wp:attachment":[{"href":"https:\/\/www.eurofluid.it\/de\/wp-json\/wp\/v2\/media?parent=2314"}],"curies":[{"name":"wp","href":"https:\/\/api.w.org\/{rel}","templated":true}]}}