{"id":2338,"date":"2021-04-07T14:16:03","date_gmt":"2021-04-07T12:16:03","guid":{"rendered":"https:\/\/www.eurofluid.it\/prodotti-speciali\/"},"modified":"2025-05-23T11:06:26","modified_gmt":"2025-05-23T09:06:26","slug":"kundenspezifischen-steuerbloecken","status":"publish","type":"page","link":"https:\/\/www.eurofluid.it\/de\/kundenspezifischen-steuerbloecken\/","title":{"rendered":"Kundenspezifischen Steuerbl\u00f6cken"},"content":{"rendered":"<div class=\"wpb-content-wrapper\"><p>[vc_row][vc_column][vc_column_text]<\/p>\n<h2>Eurofluid Hydraulic stellt seinen Kunden die Erfahrung ihrer Techniker und die Software-Unterst\u00fctzung HyDraw CAD und MDTOOLS zur Verf\u00fcgung, um Sonderbl\u00f6cke nach Kundenangaben entwickeln zu k\u00f6nnen.<\/h2>\n<p>[\/vc_column_text][\/vc_column][\/vc_row][vc_row][vc_column width=&#8220;1\/3&#8243;][vc_column_text]<\/p>\n<h3>Wir k\u00f6nnen anbieten:<\/h3>\n<ul>\n<li>Entwicklung vom Sonderbl\u00f6cken<\/li>\n<li>Lay-out und hydraulischer Schaltplan<\/li>\n<li>Fertigungszeichnung<\/li>\n<li>3D-Modell mit Ventilen<\/li>\n<li>Fertigung von Bl\u00f6cken mit ein und aufgebauten Ventilen<\/li>\n<\/ul>\n<p>[\/vc_column_text][\/vc_column][vc_column width=&#8220;2\/3&#8243;][vc_column_text]Mit dem Kunden wird das Lay-out besprochen; Eurofluid macht die Fertigungszeichnung und kann das 3D-Modell, mit allen Komponenten best\u00fcckt, visualisieren.<\/p>\n<p>Eurofluid Hydraulic verwendet eine leistungsf\u00e4hige Software f\u00fcr die Entwicklung der Bl\u00f6cke. Ein 3D-Programm f\u00fcr die Entwicklung von Steuerbl\u00f6cken, \u201cINVENTOR\u201d, erm\u00f6glicht die Darstellung vom Hydraulikschaltplan und den Ansichten sowie der Innenbohrungen f\u00fcr die \u00dcberpr\u00fcfung von Kollistionen.[\/vc_column_text][\/vc_column][\/vc_row][vc_row][vc_column width=&#8220;1\/3&#8243;][vc_single_image image=&#8220;2293&#8243; img_size=&#8220;300&#215;300&#8243; alignment=&#8220;center&#8220; css=&#8220;.vc_custom_1621608744779{margin-bottom: 0px !important;}&#8220;][vc_column_text]<\/p>\n<h4 style=\"text-align: center;\">Schaltplan<\/h4>\n<p>[\/vc_column_text][\/vc_column][vc_column width=&#8220;1\/3&#8243;][vc_single_image image=&#8220;2297&#8243; img_size=&#8220;300&#215;300&#8243; alignment=&#8220;center&#8220; css=&#8220;.vc_custom_1621608749946{margin-bottom: 0px !important;}&#8220;][vc_column_text]<\/p>\n<h4 style=\"text-align: center;\">3D Fertigungszeichnung<\/h4>\n<p>[\/vc_column_text][\/vc_column][vc_column width=&#8220;1\/3&#8243;][vc_single_image image=&#8220;2301&#8243; img_size=&#8220;300&#215;300&#8243; alignment=&#8220;center&#8220; css=&#8220;.vc_custom_1621608754558{margin-bottom: 0px !important;}&#8220;][vc_column_text]<\/p>\n<h4 style=\"text-align: center;\">3D Einbau<\/h4>\n<p>[\/vc_column_text][\/vc_column][\/vc_row][vc_row][vc_column][vc_cta h2=&#8220;Haben Sie spezielle Bed\u00fcrfnisse?&#8220; h2_font_container=&#8220;tag:h2|font_size:32|text_align:left|color:%232c438f&#8220; h2_use_theme_fonts=&#8220;yes&#8220; h4=&#8220;Fordern Sie jetzt ein personalisiertes Angebot an.&#8220; h4_font_container=&#8220;tag:h4|text_align:left|color:%23000000&#8243; h4_google_fonts=&#8220;font_family:Roboto%3A100%2C100italic%2C300%2C300italic%2Cregular%2Citalic%2C500%2C500italic%2C700%2C700italic%2C900%2C900italic|font_style:300%20light%20regular%3A300%3Anormal&#8220; shape=&#8220;square&#8220; el_width=&#8220;sm&#8220; add_button=&#8220;right&#8220; btn_title=&#8220;Kontaktiere uns&#8220; btn_style=&#8220;flat&#8220; btn_shape=&#8220;square&#8220; btn_color=&#8220;blue&#8220; btn_size=&#8220;lg&#8220; btn_align=&#8220;right&#8220; btn_i_icon_fontawesome=&#8220;fas fa-envelope&#8220; use_custom_fonts_h2=&#8220;true&#8220; use_custom_fonts_h4=&#8220;true&#8220; btn_button_block=&#8220;true&#8220; btn_add_icon=&#8220;true&#8220; css=&#8220;.vc_custom_1661429763647{background-color: #ffec00 !important;}&#8220; btn_link=&#8220;url:https%3A%2F%2Fwww.eurofluid.it%2Fde%2Fkontakte%2F|title:Contatti&#8220;][\/vc_cta][\/vc_column][\/vc_row][vc_row equal_height=&#8220;yes&#8220; content_placement=&#8220;middle&#8220;][vc_column width=&#8220;1\/2&#8243;][vc_column_text]Eurofluid Hydraulic fertigt Sonderbl\u00f6cke nach Kundenzeichnung \u2013 und angaben.<br \/>\nIn Folge zeichnen wir die Materialien und die entsprechenden Oberfl\u00e4chenbehandlungen auf, die wir verarbeiten:<\/p>\n<ul>\n<li>Grauguss GG25 (UNI-EN-1561-GJL-250)<\/li>\n<li>Sph\u00e4roguss GGG40 (UNI-EN-1563-GJS-15)<\/li>\n<li>Stahl C45 (UNI-EN-10083-2 :2006)<\/li>\n<li>Aluminium 2011 (EN-AW 2011)<\/li>\n<li>Aluminium 6026 (EN-AW 6026)<\/li>\n<li>Aluminium 6052 (EN-AW 6082)<\/li>\n<li>Aluminium 7075 8En-aw 7075)<\/li>\n<li>Hycut 60<\/li>\n<li>AVP<\/li>\n<li>GS500<\/li>\n<\/ul>\n<p><strong>Eurofluid Hydraulic kann das Materialzertifikat vorlegen.<\/strong>[\/vc_column_text][\/vc_column][vc_column width=&#8220;1\/2&#8243;][vc_single_image image=&#8220;2543&#8243; img_size=&#8220;large&#8220; alignment=&#8220;center&#8220;][\/vc_column][\/vc_row][vc_row][vc_column width=&#8220;1\/2&#8243;][vc_column_text]<\/p>\n<h2 style=\"text-align: left; font-size: 25px;\">Oberfl\u00e4chenbehandlung f\u00fcr Gusseisen und Stahl:<\/h2>\n<ul>\n<li>Nitrocarburieren<\/li>\n<li>Phosphatierung (UNI-ISO-9717)<\/li>\n<li>Verzinkung Fe\/\/Zn8\/\/Cn\/\/T0 DIN 50979<\/li>\n<li>Verzinkung Fe\/\/ZnNi8\/\/An\/\/T0 DIN 50979 (NICHEL)<\/li>\n<\/ul>\n<p>[\/vc_column_text][\/vc_column][vc_column width=&#8220;1\/2&#8243;][vc_column_text]<\/p>\n<h2 style=\"text-align: left; font-size: 25px;\">Oberfl\u00e4chenbehandlung f\u00fcr Aluminium:<\/h2>\n<ul>\n<li>Natureloxierung (IND-UNI 4522)<\/li>\n<li>Harteloxiert (UNI 7796)<\/li>\n<\/ul>\n<p>Eurofluid Hydraulic erw\u00e4gt die Ausf\u00fchrbarkeit, andere Materiale zu verarbeiten und andere Oberfl\u00e4chebehandlungen anzubieten.[\/vc_column_text][\/vc_column][\/vc_row]<\/p>\n<\/div>","protected":false},"excerpt":{"rendered":"<p>[vc_row][vc_column][vc_column_text] Eurofluid Hydraulic stellt seinen Kunden die Erfahrung ihrer Techniker und die Software-Unterst\u00fctzung HyDraw CAD und MDTOOLS zur Verf\u00fcgung, um Sonderbl\u00f6cke nach Kundenangaben entwickeln zu k\u00f6nnen. [\/vc_column_text][\/vc_column][\/vc_row][vc_row][vc_column width=&#8220;1\/3&#8243;][vc_column_text] Wir k\u00f6nnen anbieten: Entwicklung vom Sonderbl\u00f6cken Lay-out und hydraulischer Schaltplan Fertigungszeichnung 3D-Modell mit Ventilen Fertigung von Bl\u00f6cken mit ein und aufgebauten Ventilen [\/vc_column_text][\/vc_column][vc_column width=&#8220;2\/3&#8243;][vc_column_text]Mit dem Kunden wird&hellip;<\/p>\n","protected":false},"author":1,"featured_media":0,"parent":0,"menu_order":0,"comment_status":"closed","ping_status":"closed","template":"","meta":{"_acf_changed":false,"footnotes":""},"class_list":["post-2338","page","type-page","status-publish","hentry","description-off"],"acf":[],"_links":{"self":[{"href":"https:\/\/www.eurofluid.it\/de\/wp-json\/wp\/v2\/pages\/2338","targetHints":{"allow":["GET"]}}],"collection":[{"href":"https:\/\/www.eurofluid.it\/de\/wp-json\/wp\/v2\/pages"}],"about":[{"href":"https:\/\/www.eurofluid.it\/de\/wp-json\/wp\/v2\/types\/page"}],"author":[{"embeddable":true,"href":"https:\/\/www.eurofluid.it\/de\/wp-json\/wp\/v2\/users\/1"}],"replies":[{"embeddable":true,"href":"https:\/\/www.eurofluid.it\/de\/wp-json\/wp\/v2\/comments?post=2338"}],"version-history":[{"count":6,"href":"https:\/\/www.eurofluid.it\/de\/wp-json\/wp\/v2\/pages\/2338\/revisions"}],"predecessor-version":[{"id":3751,"href":"https:\/\/www.eurofluid.it\/de\/wp-json\/wp\/v2\/pages\/2338\/revisions\/3751"}],"wp:attachment":[{"href":"https:\/\/www.eurofluid.it\/de\/wp-json\/wp\/v2\/media?parent=2338"}],"curies":[{"name":"wp","href":"https:\/\/api.w.org\/{rel}","templated":true}]}}