{"id":2034,"date":"2021-03-22T17:10:53","date_gmt":"2021-03-22T16:10:53","guid":{"rendered":"https:\/\/www.eurofluid.it\/home\/"},"modified":"2025-04-04T11:57:48","modified_gmt":"2025-04-04T09:57:48","slug":"home","status":"publish","type":"page","link":"https:\/\/www.eurofluid.it\/fr\/","title":{"rendered":"home"},"content":{"rendered":"<div class=\"wpb-content-wrapper\"><p>[vc_row disable_element=\u00a0\u00bbyes\u00a0\u00bb][vc_column][vc_single_image image=\u00a0\u00bb3712&Prime; img_size=\u00a0\u00bbfull\u00a0\u00bb alignment=\u00a0\u00bbcenter\u00a0\u00bb onclick=\u00a0\u00bbcustom_link\u00a0\u00bb img_link_target=\u00a0\u00bb_blank\u00a0\u00bb css_animation=\u00a0\u00bbfadeInDown\u00a0\u00bb link=\u00a0\u00bbhttps:\/\/www.hannovermesse.de\/en\/application\/registration\/direct-entry-tickets-passes?code=1MkPi\u00a0\u00bb][\/vc_column][\/vc_row][vc_row][vc_column width=\u00a0\u00bb1\/2&Prime;][vc_column_text]<\/p>\n<h1>Bloc For\u00e9 Hydraulique<\/h1>\n<h2>Conception et r\u00e9alisation de bloc for\u00e9 hydraulique<\/h2>\n<p>Eurofluid est une entreprise sp\u00e9cialis\u00e9e dans la r\u00e9alisation de <strong>bloc for\u00e9 hydraulique<\/strong>.<\/p>\n<p>La production de bloc standard comprend:<\/p>\n<ul>\n<li>Embase simple<\/li>\n<li>Embase multiple<\/li>\n<li>Embase empilable<\/li>\n<li>Valve modulaire<\/li>\n<li>Bloc haute &amp; basse pression<\/li>\n<li>Plaque de r\u00e9duction<\/li>\n<li>Accessoire hydraulique<\/li>\n<\/ul>\n<p>Eurofluid est reconnue car elle donne la possibilit\u00e9 \u00e0 ses clients de personnaliser leurs blocs for\u00e9s tout en prenant en compte l\u2019ensemble de leurs contraintes.[\/vc_column_text][\/vc_column][vc_column width=\u00a0\u00bb1\/2&Prime;][vc_single_image image=\u00a0\u00bb2417&Prime; img_size=\u00a0\u00bbfull\u00a0\u00bb][\/vc_column][\/vc_row][vc_row full_width=\u00a0\u00bbstretch_row\u00a0\u00bb css=\u00a0\u00bb.vc_custom_1616493727613{background-color: #efefef !important;}\u00a0\u00bb][vc_column][vc_row_inner][vc_column_inner][vc_column_text]<\/p>\n<h2 style=\"text-align: center;\">DESIGN<\/h2>\n<p>[\/vc_column_text][\/vc_column_inner][vc_column_inner width=\u00a0\u00bb1\/2&Prime;][vc_column_text]EUROFLUID HYDRAULIC met \u00e0 disposition du client l\u2019exp\u00e9rience de ses techniciens avec l\u2019aide du logiciel: HyDraw CAD et MDTOOLS pour le projet et la r\u00e9alisation de blocs for\u00e9s personnalis\u00e9s en fonction des sp\u00e9cifications techniques.<\/p>\n<p>Avec le client nous validons le dessin du bloc. Eurofluid fera ensuite le plan de construction et donnera le mod\u00e8le en trois dimensions assembl\u00e9 avec tous les composants mont\u00e9s.[\/vc_column_text]<div class=\"uavc-list-icon uavc-list-icon-wrapper ult-adjust-bottom-margin   \"><ul class=\"uavc-list\"><li><div class=\"uavc-list-content\" id=\"list-icon-wrap-5875\">\n<div class=\"uavc-list-icon  \" data-animation=\"\" data-animation-delay=\"03\" style=\"margin-right:25px;\"><div class=\"ult-just-icon-wrapper  \"><div class=\"align-icon\" style=\"text-align:center;\">\n<div class=\"aio-icon circle \"  style=\"color:#ffffff;background:#2c438f;font-size:27px;display:inline-block;\">\n\t<i class=\"icomoon-the7-font-icon-gallery-011-2\"><\/i>\n<\/div><\/div><\/div>\n<\/div><span  data-ultimate-target='#list-icon-wrap-5875 .uavc-list-desc'  data-responsive-json-new='{\"font-size\":\"\",\"line-height\":\"\"}'  class=\"uavc-list-desc ult-responsive\" style=\"\"><\/p>\n<h3 class=\"ult-responsive info-list-heading\" data-ultimate-target=\"#Info-list-wrap-8131 h3\" data-responsive-json-new=\"{&quot;font-size&quot;:&quot;desktop:16px;&quot;,&quot;line-height&quot;:&quot;desktop:24px;&quot;}\">L\u2019\u00e9tude de blocs for\u00e9s<\/h3>\n<p><\/span><\/div><\/li><li><div class=\"uavc-list-content\" id=\"list-icon-wrap-6435\">\n<div class=\"uavc-list-icon  \" data-animation=\"\" data-animation-delay=\"03\" style=\"margin-right:25px;\"><div class=\"ult-just-icon-wrapper  \"><div class=\"align-icon\" style=\"text-align:center;\">\n<div class=\"aio-icon circle \"  style=\"color:#ffffff;background:#2c438f;font-size:27px;display:inline-block;\">\n\t<i class=\"fas fa-tint\"><\/i>\n<\/div><\/div><\/div>\n<\/div><span  data-ultimate-target='#list-icon-wrap-6435 .uavc-list-desc'  data-responsive-json-new='{\"font-size\":\"\",\"line-height\":\"\"}'  class=\"uavc-list-desc ult-responsive\" style=\"\"><\/p>\n<h3 class=\"ult-responsive info-list-heading\" data-ultimate-target=\"#Info-list-wrap-6811 h3\" data-responsive-json-new=\"{&quot;font-size&quot;:&quot;desktop:16px;&quot;,&quot;line-height&quot;:&quot;desktop:24px;&quot;}\">Des dessins et Sch\u00e9mas hydrauliques<\/h3>\n<p><\/span><\/div><\/li><li><div class=\"uavc-list-content\" id=\"list-icon-wrap-2524\">\n<div class=\"uavc-list-icon  \" data-animation=\"\" data-animation-delay=\"03\" style=\"margin-right:25px;\"><div class=\"ult-just-icon-wrapper  \"><div class=\"align-icon\" style=\"text-align:center;\">\n<div class=\"aio-icon circle \"  style=\"color:#ffffff;background:#2c438f;font-size:27px;display:inline-block;\">\n\t<i class=\"fas fa-desktop\"><\/i>\n<\/div><\/div><\/div>\n<\/div><span  data-ultimate-target='#list-icon-wrap-2524 .uavc-list-desc'  data-responsive-json-new='{\"font-size\":\"\",\"line-height\":\"\"}'  class=\"uavc-list-desc ult-responsive\" style=\"\"><\/p>\n<h3 class=\"ult-responsive info-list-heading\" data-ultimate-target=\"#Info-list-wrap-8642 h3\" data-responsive-json-new=\"{&quot;font-size&quot;:&quot;desktop:16px;&quot;,&quot;line-height&quot;:&quot;desktop:24px;&quot;}\">Des Plans construction<\/h3>\n<p><\/span><\/div><\/li><li><div class=\"uavc-list-content\" id=\"list-icon-wrap-3057\">\n<div class=\"uavc-list-icon  \" data-animation=\"\" data-animation-delay=\"03\" style=\"margin-right:25px;\"><div class=\"ult-just-icon-wrapper  \"><div class=\"align-icon\" style=\"text-align:center;\">\n<div class=\"aio-icon circle \"  style=\"color:#ffffff;background:#2c438f;font-size:27px;display:inline-block;\">\n\t<i class=\"fas fa-pencil-ruler\"><\/i>\n<\/div><\/div><\/div>\n<\/div><span  data-ultimate-target='#list-icon-wrap-3057 .uavc-list-desc'  data-responsive-json-new='{\"font-size\":\"\",\"line-height\":\"\"}'  class=\"uavc-list-desc ult-responsive\" style=\"\"><\/p>\n<h3 class=\"ult-responsive info-list-heading\" data-ultimate-target=\"#Info-list-wrap-9589 h3\" data-responsive-json-new=\"{&quot;font-size&quot;:&quot;desktop:16px;&quot;,&quot;line-height&quot;:&quot;desktop:24px;&quot;}\">Des Mod\u00e8les en trois dimensions avec les composants<\/h3>\n<p><\/span><\/div><\/li><li><div class=\"uavc-list-content\" id=\"list-icon-wrap-2587\">\n<div class=\"uavc-list-icon  \" data-animation=\"\" data-animation-delay=\"03\" style=\"margin-right:25px;\"><div class=\"ult-just-icon-wrapper  \"><div class=\"align-icon\" style=\"text-align:center;\">\n<div class=\"aio-icon circle \"  style=\"color:#ffffff;background:#2c438f;font-size:27px;display:inline-block;\">\n\t<i class=\"fas fa-industry\"><\/i>\n<\/div><\/div><\/div>\n<\/div><span  data-ultimate-target='#list-icon-wrap-2587 .uavc-list-desc'  data-responsive-json-new='{\"font-size\":\"\",\"line-height\":\"\"}'  class=\"uavc-list-desc ult-responsive\" style=\"\"><\/p>\n<h3 class=\"ult-responsive info-list-heading\" data-ultimate-target=\"#Info-list-wrap-8266 h3\" data-responsive-json-new=\"{&quot;font-size&quot;:&quot;desktop:16px;&quot;,&quot;line-height&quot;:&quot;desktop:24px;&quot;}\">Une Production de blocs avec le composants<\/h3>\n<p><\/span><\/div><\/li><\/ul><\/div>[\/vc_column_inner][vc_column_inner width=\u00a0\u00bb1\/2&Prime;][vc_single_image image=\u00a0\u00bb2037&Prime; img_size=\u00a0\u00bbfull\u00a0\u00bb][\/vc_column_inner][vc_column_inner][vc_cta h2=\u00a0\u00bbAvez-vous des demandes sp\u00e9cifiques?\u00a0\u00bb h2_font_container=\u00a0\u00bbtag:h2|font_size:32|text_align:left|color:%232c438f\u00a0\u00bb h2_use_theme_fonts=\u00a0\u00bbyes\u00a0\u00bb h4=\u00a0\u00bbDemandez un devis personnalis\u00e9.\u00a0\u00bb h4_font_container=\u00a0\u00bbtag:h4|text_align:left|color:%23000000&Prime; h4_google_fonts=\u00a0\u00bbfont_family:Roboto%3A100%2C100italic%2C300%2C300italic%2Cregular%2Citalic%2C500%2C500italic%2C700%2C700italic%2C900%2C900italic|font_style:300%20light%20regular%3A300%3Anormal\u00a0\u00bb shape=\u00a0\u00bbsquare\u00a0\u00bb el_width=\u00a0\u00bbsm\u00a0\u00bb add_button=\u00a0\u00bbright\u00a0\u00bb btn_title=\u00a0\u00bbNous contacter\u00a0\u00bb btn_style=\u00a0\u00bbflat\u00a0\u00bb btn_shape=\u00a0\u00bbsquare\u00a0\u00bb btn_color=\u00a0\u00bbblue\u00a0\u00bb btn_size=\u00a0\u00bblg\u00a0\u00bb btn_align=\u00a0\u00bbright\u00a0\u00bb btn_i_icon_fontawesome=\u00a0\u00bbfas fa-envelope\u00a0\u00bb use_custom_fonts_h2=\u00a0\u00bbtrue\u00a0\u00bb use_custom_fonts_h4=\u00a0\u00bbtrue\u00a0\u00bb btn_button_block=\u00a0\u00bbtrue\u00a0\u00bb btn_add_icon=\u00a0\u00bbtrue\u00a0\u00bb css=\u00a0\u00bb.vc_custom_1617707208210{background-color: #ffec00 !important;}\u00a0\u00bb btn_link=\u00a0\u00bburl:https%3A%2F%2Fwww.eurofluid.it%2Ffr%2Fcontacts%2F|title:Contatti\u00a0\u00bb][\/vc_cta][\/vc_column_inner][\/vc_row_inner][\/vc_column][\/vc_row][vc_row full_width=\u00a0\u00bbstretch_row\u00a0\u00bb css=\u00a0\u00bb.vc_custom_1616498607669{padding-top: 10px !important;padding-bottom: 10px !important;background-color: rgba(44,67,143,0.9) !important;*background-color: rgb(44,67,143) !important;}\u00a0\u00bb][vc_column][vc_row_inner][vc_column_inner width=\u00a0\u00bb5\/6&Prime;][vc_custom_heading text=\u00a0\u00bbCETOP 3&Prime; font_container=\u00a0\u00bbtag:h2|font_size:64|text_align:left|color:%23ffffff\u00a0\u00bb use_theme_fonts=\u00a0\u00bbyes\u00a0\u00bb][vc_column_text el_class=\u00a0\u00bblight-text\u00a0\u00bb]Les produits de la gamme Eurofluid comprend:<br \/>\nEmbase simple cetop 3, Embase multiple cetop 3, Plaque de fermeture et plaque de r\u00e9duction cetop 3, Embase empilable, Embase cetop 3 empilable avec 3 tirants , Embase cetop 3 empilable avec 4 tirants.[\/vc_column_text][\/vc_column_inner][vc_column_inner width=\u00a0\u00bb1\/6&Prime;][vc_single_image image=\u00a0\u00bb2038&Prime; img_size=\u00a0\u00bbfull\u00a0\u00bb alignment=\u00a0\u00bbright\u00a0\u00bb][\/vc_column_inner][vc_column_inner el_class=\u00a0\u00bbtext-centered\u00a0\u00bb][vc_btn title=\u00a0\u00bbEmbases simple\u00a0\u00bb style=\u00a0\u00bbflat\u00a0\u00bb color=\u00a0\u00bbsky\u00a0\u00bb size=\u00a0\u00bblg\u00a0\u00bb i_align=\u00a0\u00bbright\u00a0\u00bb i_icon_fontawesome=\u00a0\u00bbfas fa-angle-right\u00a0\u00bb add_icon=\u00a0\u00bbtrue\u00a0\u00bb link=\u00a0\u00bburl:https%3A%2F%2Fwww.eurofluid.it%2Ffr%2Fhydraulic-manifold-blocks%2Fembases-simple-cetop-3%2F\u00a0\u00bb css=\u00a0\u00bb.vc_custom_1621606654740{margin-right: 5px !important;}\u00a0\u00bb][vc_btn title=\u00a0\u00bbBloc multiposte\u00a0\u00bb style=\u00a0\u00bbflat\u00a0\u00bb color=\u00a0\u00bbsky\u00a0\u00bb size=\u00a0\u00bblg\u00a0\u00bb i_align=\u00a0\u00bbright\u00a0\u00bb i_icon_fontawesome=\u00a0\u00bbfas fa-angle-right\u00a0\u00bb add_icon=\u00a0\u00bbtrue\u00a0\u00bb link=\u00a0\u00bburl:https%3A%2F%2Fwww.eurofluid.it%2Ffr%2Fhydraulic-manifold-blocks%2Fbloc-multipostes-cetop-3-fr%2F\u00a0\u00bb css=\u00a0\u00bb.vc_custom_1621606661049{margin-right: 5px !important;}\u00a0\u00bb][vc_btn title=\u00a0\u00bbPlaque de fermeture et liaison\u00a0\u00bb style=\u00a0\u00bbflat\u00a0\u00bb color=\u00a0\u00bbsky\u00a0\u00bb size=\u00a0\u00bblg\u00a0\u00bb i_align=\u00a0\u00bbright\u00a0\u00bb i_icon_fontawesome=\u00a0\u00bbfas fa-angle-right\u00a0\u00bb add_icon=\u00a0\u00bbtrue\u00a0\u00bb link=\u00a0\u00bburl:https%3A%2F%2Fwww.eurofluid.it%2Ffr%2Fhydraulic-manifold-blocks%2Fplaque-de-fermeture-de-liaison-cetop-3%2F\u00a0\u00bb css=\u00a0\u00bb.vc_custom_1621606667272{margin-right: 5px !important;}\u00a0\u00bb][vc_btn title=\u00a0\u00bbEmbase empilable\u00a0\u00bb style=\u00a0\u00bbflat\u00a0\u00bb color=\u00a0\u00bbsky\u00a0\u00bb size=\u00a0\u00bblg\u00a0\u00bb i_align=\u00a0\u00bbright\u00a0\u00bb i_icon_fontawesome=\u00a0\u00bbfas fa-angle-right\u00a0\u00bb add_icon=\u00a0\u00bbtrue\u00a0\u00bb link=\u00a0\u00bburl:https%3A%2F%2Fwww.eurofluid.it%2Ffr%2Fhydraulic-manifold-blocks%2Fembase-empilable-cetop-3%2F\u00a0\u00bb css=\u00a0\u00bb.vc_custom_1621606673011{margin-right: 5px !important;}\u00a0\u00bb][vc_btn title=\u00a0\u00bbEmbase empilable Cetop 3 et 5&Prime; style=\u00a0\u00bbflat\u00a0\u00bb color=\u00a0\u00bbsky\u00a0\u00bb size=\u00a0\u00bblg\u00a0\u00bb i_align=\u00a0\u00bbright\u00a0\u00bb i_icon_fontawesome=\u00a0\u00bbfas fa-angle-right\u00a0\u00bb add_icon=\u00a0\u00bbtrue\u00a0\u00bb link=\u00a0\u00bburl:https%3A%2F%2Fwww.eurofluid.it%2Ffr%2Fhydraulic-manifold-blocks%2Fembase-empilable-cetop-3-et-5%2F\u00a0\u00bb css=\u00a0\u00bb.vc_custom_1621606678454{margin-right: 5px !important;}\u00a0\u00bb][\/vc_column_inner][\/vc_row_inner][\/vc_column][\/vc_row][vc_row full_width=\u00a0\u00bbstretch_row\u00a0\u00bb css=\u00a0\u00bb.vc_custom_1616498738045{padding-top: 10px !important;padding-bottom: 10px !important;background-color: #eeeeee !important;}\u00a0\u00bb][vc_column][vc_row_inner][vc_column_inner width=\u00a0\u00bb1\/6&Prime;][vc_single_image image=\u00a0\u00bb2040&Prime; img_size=\u00a0\u00bbfull\u00a0\u00bb][\/vc_column_inner][vc_column_inner width=\u00a0\u00bb5\/6&Prime;][vc_custom_heading text=\u00a0\u00bbCETOP 5&Prime; font_container=\u00a0\u00bbtag:h2|font_size:64|text_align:left|color:%23000000&Prime; use_theme_fonts=\u00a0\u00bbyes\u00a0\u00bb][vc_column_text]Les produits de la gamme Eurofluid comprend: Embase simple cetop 5 , embase multiple cetop 5, Plaque de r\u00e9duction et plaque de fermeture cetop 5, Embase modulaire cetop 5[\/vc_column_text][\/vc_column_inner][vc_column_inner el_class=\u00a0\u00bbtext-centered\u00a0\u00bb][vc_btn title=\u00a0\u00bbEmbases simple\u00a0\u00bb style=\u00a0\u00bbflat\u00a0\u00bb color=\u00a0\u00bbinverse\u00a0\u00bb size=\u00a0\u00bblg\u00a0\u00bb i_align=\u00a0\u00bbright\u00a0\u00bb i_icon_fontawesome=\u00a0\u00bbfas fa-angle-right\u00a0\u00bb add_icon=\u00a0\u00bbtrue\u00a0\u00bb link=\u00a0\u00bburl:https%3A%2F%2Fwww.eurofluid.it%2Ffr%2Fhydraulic-manifold-blocks%2Fembases-simple-cetop-5%2F\u00a0\u00bb css=\u00a0\u00bb.vc_custom_1621606694972{margin-right: 5px !important;}\u00a0\u00bb][vc_btn title=\u00a0\u00bbEmbases multipostes\u00a0\u00bb style=\u00a0\u00bbflat\u00a0\u00bb color=\u00a0\u00bbinverse\u00a0\u00bb size=\u00a0\u00bblg\u00a0\u00bb i_align=\u00a0\u00bbright\u00a0\u00bb i_icon_fontawesome=\u00a0\u00bbfas fa-angle-right\u00a0\u00bb add_icon=\u00a0\u00bbtrue\u00a0\u00bb link=\u00a0\u00bburl:https%3A%2F%2Fwww.eurofluid.it%2Ffr%2Fhydraulic-manifold-blocks%2Fbloc-multipostes-cetop-5%2F\u00a0\u00bb css=\u00a0\u00bb.vc_custom_1621606701561{margin-right: 5px !important;}\u00a0\u00bb][vc_btn title=\u00a0\u00bbPlaque de Reduction Cetop 3 et 5&Prime; style=\u00a0\u00bbflat\u00a0\u00bb color=\u00a0\u00bbinverse\u00a0\u00bb size=\u00a0\u00bblg\u00a0\u00bb i_align=\u00a0\u00bbright\u00a0\u00bb i_icon_fontawesome=\u00a0\u00bbfas fa-angle-right\u00a0\u00bb add_icon=\u00a0\u00bbtrue\u00a0\u00bb link=\u00a0\u00bburl:https%3A%2F%2Fwww.eurofluid.it%2Ffr%2Fhydraulic-manifold-blocks%2Fplaque-de-reduction-cetop-3-et-5%2F\u00a0\u00bb css=\u00a0\u00bb.vc_custom_1621606707884{margin-right: 5px !important;}\u00a0\u00bb][vc_btn title=\u00a0\u00bbPlaque de fermeture\/de liason Cetop 5&Prime; style=\u00a0\u00bbflat\u00a0\u00bb color=\u00a0\u00bbinverse\u00a0\u00bb size=\u00a0\u00bblg\u00a0\u00bb i_align=\u00a0\u00bbright\u00a0\u00bb i_icon_fontawesome=\u00a0\u00bbfas fa-angle-right\u00a0\u00bb add_icon=\u00a0\u00bbtrue\u00a0\u00bb link=\u00a0\u00bburl:https%3A%2F%2Fwww.eurofluid.it%2Ffr%2Fhydraulic-manifold-blocks%2Fplaque-de-fermeture-de-liason-cetop-5%2F\u00a0\u00bb css=\u00a0\u00bb.vc_custom_1621606718575{margin-right: 5px !important;}\u00a0\u00bb][\/vc_column_inner][\/vc_row_inner][\/vc_column][\/vc_row][vc_row full_width=\u00a0\u00bbstretch_row\u00a0\u00bb css=\u00a0\u00bb.vc_custom_1616498607669{padding-top: 10px !important;padding-bottom: 10px !important;background-color: rgba(44,67,143,0.9) !important;*background-color: rgb(44,67,143) !important;}\u00a0\u00bb][vc_column][vc_row_inner][vc_column_inner width=\u00a0\u00bb5\/6&Prime;][vc_custom_heading text=\u00a0\u00bbCETOP 7&Prime; font_container=\u00a0\u00bbtag:h2|font_size:64|text_align:left|color:%23ffffff\u00a0\u00bb use_theme_fonts=\u00a0\u00bbyes\u00a0\u00bb][vc_column_text el_class=\u00a0\u00bblight-text\u00a0\u00bb]Les produits de la gamme Eurofluid comprend: Embase simple cetop 7, Embase multiple cetop 7, plaque de reduction et plaques de fermeture cetop 7.[\/vc_column_text][\/vc_column_inner][vc_column_inner width=\u00a0\u00bb1\/6&Prime;][vc_single_image image=\u00a0\u00bb2039&Prime; img_size=\u00a0\u00bbfull\u00a0\u00bb alignment=\u00a0\u00bbright\u00a0\u00bb][\/vc_column_inner][vc_column_inner el_class=\u00a0\u00bbtext-centered\u00a0\u00bb][vc_btn title=\u00a0\u00bbEmbases simple\u00a0\u00bb style=\u00a0\u00bbflat\u00a0\u00bb color=\u00a0\u00bbsky\u00a0\u00bb size=\u00a0\u00bblg\u00a0\u00bb i_align=\u00a0\u00bbright\u00a0\u00bb i_icon_fontawesome=\u00a0\u00bbfas fa-angle-right\u00a0\u00bb add_icon=\u00a0\u00bbtrue\u00a0\u00bb link=\u00a0\u00bburl:https%3A%2F%2Fwww.eurofluid.it%2Ffr%2Fhydraulic-manifold-blocks%2Fembasse-simple-cetop-7%2F\u00a0\u00bb css=\u00a0\u00bb.vc_custom_1621606729398{margin-right: 5px !important;}\u00a0\u00bb][vc_btn title=\u00a0\u00bbBloc multipostes\u00a0\u00bb style=\u00a0\u00bbflat\u00a0\u00bb color=\u00a0\u00bbsky\u00a0\u00bb size=\u00a0\u00bblg\u00a0\u00bb i_align=\u00a0\u00bbright\u00a0\u00bb i_icon_fontawesome=\u00a0\u00bbfas fa-angle-right\u00a0\u00bb add_icon=\u00a0\u00bbtrue\u00a0\u00bb link=\u00a0\u00bburl:https%3A%2F%2Fwww.eurofluid.it%2Ffr%2Fhydraulic-manifold-blocks%2Fbloc-multipostes-cetop-7%2F\u00a0\u00bb css=\u00a0\u00bb.vc_custom_1621606734943{margin-right: 5px !important;}\u00a0\u00bb][vc_btn title=\u00a0\u00bbPlaque de fermeture et Reduction\u00a0\u00bb style=\u00a0\u00bbflat\u00a0\u00bb color=\u00a0\u00bbsky\u00a0\u00bb size=\u00a0\u00bblg\u00a0\u00bb i_align=\u00a0\u00bbright\u00a0\u00bb i_icon_fontawesome=\u00a0\u00bbfas fa-angle-right\u00a0\u00bb add_icon=\u00a0\u00bbtrue\u00a0\u00bb link=\u00a0\u00bburl:https%3A%2F%2Fwww.eurofluid.it%2Ffr%2Fhydraulic-manifold-blocks%2Fplaque-de-fermeture-et-reduction-cetop-7%2F\u00a0\u00bb css=\u00a0\u00bb.vc_custom_1621606740063{margin-right: 5px !important;}\u00a0\u00bb][\/vc_column_inner][\/vc_row_inner][\/vc_column][\/vc_row][vc_row full_width=\u00a0\u00bbstretch_row\u00a0\u00bb css=\u00a0\u00bb.vc_custom_1616498738045{padding-top: 10px !important;padding-bottom: 10px !important;background-color: #eeeeee !important;}\u00a0\u00bb][vc_column][vc_row_inner][vc_column_inner width=\u00a0\u00bb1\/6&Prime;][vc_single_image image=\u00a0\u00bb2041&Prime; img_size=\u00a0\u00bbfull\u00a0\u00bb][\/vc_column_inner][vc_column_inner width=\u00a0\u00bb5\/6&Prime;][vc_custom_heading text=\u00a0\u00bbCETOP 8&Prime; font_container=\u00a0\u00bbtag:h2|font_size:64|text_align:left|color:%23000000&Prime; use_theme_fonts=\u00a0\u00bbyes\u00a0\u00bb][vc_column_text]Les produits de la gamme Eurofluid comprend: Embase simple cetop 8, Embase multiple cetop 8, plaque de reduction et plaques de fermeture cetop 8.[\/vc_column_text][\/vc_column_inner][vc_column_inner el_class=\u00a0\u00bbtext-centered\u00a0\u00bb][vc_btn title=\u00a0\u00bbEmbases simple\u00a0\u00bb style=\u00a0\u00bbflat\u00a0\u00bb color=\u00a0\u00bbinverse\u00a0\u00bb size=\u00a0\u00bblg\u00a0\u00bb i_align=\u00a0\u00bbright\u00a0\u00bb i_icon_fontawesome=\u00a0\u00bbfas fa-angle-right\u00a0\u00bb add_icon=\u00a0\u00bbtrue\u00a0\u00bb link=\u00a0\u00bburl:https%3A%2F%2Fwww.eurofluid.it%2Ffr%2Fhydraulic-manifold-blocks%2Fembases-simple-cetop-8%2F\u00a0\u00bb css=\u00a0\u00bb.vc_custom_1621606753204{margin-right: 5px !important;}\u00a0\u00bb][vc_btn title=\u00a0\u00bbBloc multipostes\u00a0\u00bb style=\u00a0\u00bbflat\u00a0\u00bb color=\u00a0\u00bbinverse\u00a0\u00bb size=\u00a0\u00bblg\u00a0\u00bb i_align=\u00a0\u00bbright\u00a0\u00bb i_icon_fontawesome=\u00a0\u00bbfas fa-angle-right\u00a0\u00bb add_icon=\u00a0\u00bbtrue\u00a0\u00bb link=\u00a0\u00bburl:https%3A%2F%2Fwww.eurofluid.it%2Ffr%2Fhydraulic-manifold-blocks%2Fbloc-multipostes-cetop-8%2F\u00a0\u00bb css=\u00a0\u00bb.vc_custom_1621606758559{margin-right: 5px !important;}\u00a0\u00bb][vc_btn title=\u00a0\u00bbPlaque de fermeture et Reduction\u00a0\u00bb style=\u00a0\u00bbflat\u00a0\u00bb color=\u00a0\u00bbinverse\u00a0\u00bb size=\u00a0\u00bblg\u00a0\u00bb i_align=\u00a0\u00bbright\u00a0\u00bb i_icon_fontawesome=\u00a0\u00bbfas fa-angle-right\u00a0\u00bb add_icon=\u00a0\u00bbtrue\u00a0\u00bb link=\u00a0\u00bburl:https%3A%2F%2Fwww.eurofluid.it%2Ffr%2Fhydraulic-manifold-blocks%2Fplaque-de-fermeture-et-reduction-cetop-8%2F\u00a0\u00bb css=\u00a0\u00bb.vc_custom_1621606765880{margin-right: 5px !important;}\u00a0\u00bb][\/vc_column_inner][\/vc_row_inner][\/vc_column][\/vc_row][vc_row full_width=\u00a0\u00bbstretch_row\u00a0\u00bb full_height=\u00a0\u00bbyes\u00a0\u00bb bg_type=\u00a0\u00bbimage\u00a0\u00bb parallax_style=\u00a0\u00bbvcpb-default\u00a0\u00bb bg_image_new=\u00a0\u00bbid^2520|url^https:\/\/www.eurofluid.it\/wp-content\/uploads\/2021\/05\/parallax-bg.jpg|caption^null|alt^null|title^parallax-bg|description^null\u00a0\u00bb bg_image_repeat=\u00a0\u00bbno-repeat\u00a0\u00bb bg_img_attach=\u00a0\u00bbfixed\u00a0\u00bb css=\u00a0\u00bb.vc_custom_1621341577803{padding-bottom: 32px !important;}\u00a0\u00bb][vc_column][vc_row_inner css=\u00a0\u00bb.vc_custom_1616500023544{background-color: rgba(255,255,255,0.89) !important;*background-color: rgb(255,255,255) !important;}\u00a0\u00bb][vc_column_inner][vc_column_text]<\/p>\n<h2>Eurofluid Hydraulic<\/h2>\n<p class=\"vc_custom_heading\">Eurofluid Hydraulic a \u00e9t\u00e9 fond\u00e9 en 1994, et s\u2019est impos\u00e9 imm\u00e9diatement sur le march\u00e9 italien et europ\u00e9en pour la fabrication des blocs pour valves hydrauliques.<\/p>\n<p class=\"vc_custom_heading\">Les r\u00e9sultats attendus sont fondamentaux: une attention toute particuli\u00e8re dans le choix des mati\u00e8res premi\u00e8res, la s\u00e9curit\u00e9 d\u2019avoir une \u00e9quipe fiable et comp\u00e9tente, un soin de nos standards de qualit\u00e9 dans le respect total des exigences du client. Ce sont les raisons sur lesquelles notre soci\u00e9t\u00e9 a bas\u00e9 sa propre identit\u00e9 et qui ont conduit notre soci\u00e9t\u00e9 dans ses choix strat\u00e9giques.<\/p>\n<p class=\"vc_custom_heading\">Notre bureau d\u2019\u00e9tudes est en mesure de r\u00e9pondre \u00e0 toutes les demandes de nos clients gr\u00e2ce au savoir faire des nos sp\u00e9cialistes, et de r\u00e9pondre aux exigences de chaque client.<\/p>\n<p>[\/vc_column_text][\/vc_column_inner][\/vc_row_inner][\/vc_column][\/vc_row]<\/p>\n<\/div>","protected":false},"excerpt":{"rendered":"<p>[vc_row disable_element=\u00a0\u00bbyes\u00a0\u00bb][vc_column][vc_single_image image=\u00a0\u00bb3712&Prime; img_size=\u00a0\u00bbfull\u00a0\u00bb alignment=\u00a0\u00bbcenter\u00a0\u00bb onclick=\u00a0\u00bbcustom_link\u00a0\u00bb img_link_target=\u00a0\u00bb_blank\u00a0\u00bb css_animation=\u00a0\u00bbfadeInDown\u00a0\u00bb link=\u00a0\u00bbhttps:\/\/www.hannovermesse.de\/en\/application\/registration\/direct-entry-tickets-passes?code=1MkPi\u00a0\u00bb][\/vc_column][\/vc_row][vc_row][vc_column width=\u00a0\u00bb1\/2&Prime;][vc_column_text] Bloc For\u00e9 Hydraulique Conception et r\u00e9alisation de bloc for\u00e9 hydraulique Eurofluid est une entreprise sp\u00e9cialis\u00e9e dans la r\u00e9alisation de bloc for\u00e9 hydraulique. La production de bloc standard comprend: Embase simple Embase multiple Embase empilable Valve modulaire Bloc haute &amp; basse pression Plaque de r\u00e9duction Accessoire&hellip;<\/p>\n","protected":false},"author":1,"featured_media":0,"parent":0,"menu_order":0,"comment_status":"closed","ping_status":"closed","template":"","meta":{"_acf_changed":false,"footnotes":""},"class_list":["post-2034","page","type-page","status-publish","hentry","description-off"],"acf":[],"_links":{"self":[{"href":"https:\/\/www.eurofluid.it\/fr\/wp-json\/wp\/v2\/pages\/2034","targetHints":{"allow":["GET"]}}],"collection":[{"href":"https:\/\/www.eurofluid.it\/fr\/wp-json\/wp\/v2\/pages"}],"about":[{"href":"https:\/\/www.eurofluid.it\/fr\/wp-json\/wp\/v2\/types\/page"}],"author":[{"embeddable":true,"href":"https:\/\/www.eurofluid.it\/fr\/wp-json\/wp\/v2\/users\/1"}],"replies":[{"embeddable":true,"href":"https:\/\/www.eurofluid.it\/fr\/wp-json\/wp\/v2\/comments?post=2034"}],"version-history":[{"count":17,"href":"https:\/\/www.eurofluid.it\/fr\/wp-json\/wp\/v2\/pages\/2034\/revisions"}],"predecessor-version":[{"id":3728,"href":"https:\/\/www.eurofluid.it\/fr\/wp-json\/wp\/v2\/pages\/2034\/revisions\/3728"}],"wp:attachment":[{"href":"https:\/\/www.eurofluid.it\/fr\/wp-json\/wp\/v2\/media?parent=2034"}],"curies":[{"name":"wp","href":"https:\/\/api.w.org\/{rel}","templated":true}]}}