{"id":2313,"date":"2021-04-06T18:05:52","date_gmt":"2021-04-06T16:05:52","guid":{"rendered":"https:\/\/www.eurofluid.it\/azienda\/"},"modified":"2024-05-03T15:30:48","modified_gmt":"2024-05-03T13:30:48","slug":"entreprise","status":"publish","type":"page","link":"https:\/\/www.eurofluid.it\/fr\/entreprise\/","title":{"rendered":"Entreprise"},"content":{"rendered":"<div class=\"wpb-content-wrapper\"><p>[vc_row full_width=\u00a0\u00bbstretch_row_content_no_spaces\u00a0\u00bb][vc_column][vc_column_text]<script src=\"https:\/\/static.kuula.io\/embed.js\" data-kuula=\"https:\/\/kuula.co\/share\/collection\/7YCZl?fs=0&#038;vr=0&#038;sd=1&#038;autorotate=0.14&#038;thumbs=-1&#038;alpha=0.60&#038;inst=0&#038;info=0&#038;logo=1\" data-width=\"100%\" data-height=\"850px\"><\/script>[\/vc_column_text][\/vc_column][\/vc_row][vc_row][vc_column][vc_row_inner][vc_column_inner][vc_column_text]<\/p>\n<h1>Profil<\/h1>\n<h2>Haut niveau de customisation et solutions efficaces.<\/h2>\n<p>[\/vc_column_text][\/vc_column_inner][\/vc_row_inner][vc_row_inner equal_height=\u00a0\u00bbyes\u00a0\u00bb content_placement=\u00a0\u00bbmiddle\u00a0\u00bb][vc_column_inner width=\u00a0\u00bb1\/2&Prime;][vc_column_text]Eurofluid Hydraulic a \u00e9t\u00e9 fond\u00e9 en 1994, et s\u2019est impos\u00e9 imm\u00e9diatement sur le march\u00e9 italien et europ\u00e9en pour la fabrication des blocs pour valves hydrauliques.<\/p>\n<p>Les r\u00e9sultats attendus sont fondamentaux: une attention toute particuli\u00e8re dans le choix des mati\u00e8res premi\u00e8res, la s\u00e9curit\u00e9 d\u2019avoir une \u00e9quipe fiable et comp\u00e9tente, un soin de nos standards de qualit\u00e9 dans le respect total des exigences du client. Ce sont les raisons sur lesquelles notre soci\u00e9t\u00e9 a bas\u00e9 sa propre identit\u00e9 et qui ont conduit notre soci\u00e9t\u00e9 dans ses choix strat\u00e9giques.<\/p>\n<p>Les produits Eurofluid Hydraulic sont tr\u00e8s appr\u00e9ci\u00e9s par la majeure partie des revendeurs et des producteurs d\u2019\u00e9quipements hydrauliques et machines automatiques. De plus ils sont employ\u00e9s dans plusieurs domaines industriels. Nous avons une gamme de production qui permet de satisfaire toutes les demandes: embases simple, blocs multipostes, embases empilables, les valves composent l\u2019offre des diff\u00e9rentes solutions standards.<\/p>\n<p>Notre bureau d\u2019\u00e9tudes est en mesure de r\u00e9pondre \u00e0 toutes les demandes de nos clients gr\u00e2ce au savoir faire des nos sp\u00e9cialistes, et de r\u00e9pondre aux exigences de chaque client.<\/p>\n<p>La production est r\u00e9alis\u00e9e uniquement en nos \u00e9tablissements, nous avons des centres d\u2019usinage: CNC sous le control d\u2019un personnel sp\u00e9cialis\u00e9 qui v\u00e9rifie la qualit\u00e9 des produits afin de garantir une compl\u00e8te s\u00e9curit\u00e9 et confiance.<\/p>\n<p>Eurofluid Hydraulic recherche l\u2019excellence: de la mati\u00e8re premi\u00e8re au produit final. De plus, notre service d\u2019exp\u00e9dition est dans la mesure d\u2019assurer \u00e0 ses clients une livraison dans les d\u00e9lais demand\u00e9s.<\/p>\n<p>Eurofluid Hydraulic a plus de 90 employ\u00e9s, une surface de production de 8.500 m\u00b2.[\/vc_column_text][\/vc_column_inner][vc_column_inner width=\u00a0\u00bb1\/2&Prime;][vc_single_image image=\u00a0\u00bb2223&Prime; img_size=\u00a0\u00bblarge\u00a0\u00bb][\/vc_column_inner][\/vc_row_inner][\/vc_column][\/vc_row][vc_row full_width=\u00a0\u00bbstretch_row\u00a0\u00bb bg_type=\u00a0\u00bbbg_color\u00a0\u00bb bg_color_value=\u00a0\u00bb#fff000&Prime;][vc_column][vc_row_inner][vc_column_inner width=\u00a0\u00bb1\/2&Prime;][vc_column_text]<\/p>\n<h1>Qualit\u00e9<\/h1>\n<h2>Toujours au centre de notre service.<\/h2>\n<p>[\/vc_column_text][\/vc_column_inner][vc_column_inner width=\u00a0\u00bb1\/2&Prime;][vc_column_text]Avec la r\u00e9alisation, en 2004, de la certification ISO 9001:2015 EUROFLUID HYDRAULIC a renforc\u00e9 les mesures pr\u00e9ventives pour am\u00e9liorer constamment l\u2019efficacit\u00e9 de la production et la qualit\u00e9 des ses produits.<\/p>\n<p>Pour EUROFLUID HYDRAULIC la qualit\u00e9 ne repr\u00e9sente pas simplement un objectif \u00e0 atteindre, mais elle est la philosophie D\u2019une \u201cSoci\u00e9t\u00e9\u201c.<br \/>\nElle est pr\u00e9sente dans chaque aspect de la production et des besoins des Clients.[\/vc_column_text][\/vc_column_inner][\/vc_row_inner][\/vc_column][\/vc_row][vc_row][vc_column][vc_row_inner][vc_column_inner][vc_column_text]<\/p>\n<h1>Production<\/h1>\n<h2>R\u00e9ponses rapides et en ad\u00e9quation avec les besoins des clients.<\/h2>\n<p>Afin d\u2019optimiser la qualit\u00e9 des processus, Eurofluid Hydraulic a divis\u00e9 en deux zones clairement d\u00e9finies sa production de blocs.[\/vc_column_text][\/vc_column_inner][\/vc_row_inner][vc_row_inner equal_height=\u00a0\u00bbyes\u00a0\u00bb content_placement=\u00a0\u00bbmiddle\u00a0\u00bb][vc_column_inner width=\u00a0\u00bb1\/2&Prime;][vc_single_image image=\u00a0\u00bb2165&Prime; img_size=\u00a0\u00bblarge\u00a0\u00bb alignment=\u00a0\u00bbcenter\u00a0\u00bb][\/vc_column_inner][vc_column_inner width=\u00a0\u00bb1\/2&Prime;][vc_column_text]La premiere zone est compos\u00e9e d\u2019un d\u00e9partement pour la production unitaire des blocs. Dans cette zone, se trouve un personnel sp\u00e9cialis\u00e9 ayant une exp\u00e9rience av\u00e9r\u00e9e gr\u00e2ce \u00e0 l\u2019utilisation des perceuses radiales et machines-outils traditionnelles. Ils r\u00e9alisent des productions de 1 \u00e0 5 blocs for\u00e9s en assurant un service de haute qualit\u00e9 aux clients.[\/vc_column_text][\/vc_column_inner][\/vc_row_inner][vc_row_inner equal_height=\u00a0\u00bbyes\u00a0\u00bb content_placement=\u00a0\u00bbmiddle\u00a0\u00bb][vc_column_inner width=\u00a0\u00bb1\/2&Prime;][vc_column_text]La deuxi\u00e8me zone est compos\u00e9e de 17 centres d\u2019usinages avec des syst\u00e8mes multi-palettes capables de produire des lots moyens de 50 pi\u00e8ces mais aussi des lots allant jusqu\u2019\u00e0 1 000 pi\u00e8ces.<\/p>\n<p>L\u2019extr\u00eame flexibilit\u00e9 de la production permet \u00e0 EUROFLUID HYDRAULIC de r\u00e9pondre en temps voulu et cibl\u00e9 aux besoins de ses clients dans le respect des standard de qualit\u00e9 \u00e9lev\u00e9s. L\u2019utilisation des technologies avanc\u00e9es et la formation de son personnel sont les points primordiaux gr\u00e2ce auxquels Eurofluid Hydraulic grandit et continuera toujours \u00e0 investir.<br \/>\n[\/vc_column_text][\/vc_column_inner][vc_column_inner width=\u00a0\u00bb1\/2&Prime;][vc_single_image image=\u00a0\u00bb2169&Prime; img_size=\u00a0\u00bb440&#215;660&Prime; alignment=\u00a0\u00bbcenter\u00a0\u00bb][\/vc_column_inner][\/vc_row_inner][\/vc_column][\/vc_row][vc_row full_width=\u00a0\u00bbstretch_row_content_no_spaces\u00a0\u00bb][vc_column][vc_media_grid style=\u00a0\u00bblazy\u00a0\u00bb items_per_page=\u00a0\u00bb12&Prime; element_width=\u00a0\u00bb2&Prime; gap=\u00a0\u00bb2&Prime; grid_id=\u00a0\u00bbvc_gid:1714743028354-8cc50cc7-62ba-5&Prime; include=\u00a0\u00bb2239,2227,2263,2600,2235,2267,2243,2247,2251,2255,2259,2284&Prime;][\/vc_column][\/vc_row][vc_row full_width=\u00a0\u00bbstretch_row\u00a0\u00bb bg_type=\u00a0\u00bbbg_color\u00a0\u00bb][vc_column][vc_row_inner][vc_column_inner][vc_column_text]<\/p>\n<h1>March\u00e9<\/h1>\n<h2>Un network des 200 distributeurs.<\/h2>\n<p>[\/vc_column_text][\/vc_column_inner][\/vc_row_inner][vc_row_inner equal_height=\u00a0\u00bbyes\u00a0\u00bb content_placement=\u00a0\u00bbmiddle\u00a0\u00bb][vc_column_inner width=\u00a0\u00bb1\/2&Prime;][vc_column_text]EUROFLUID HYDRAULIC accorde une grande importance \u00e0 ses clients, nous instaurons avec eux une collaboration pour g\u00e9n\u00e9rer et maintenir une augmentation et un d\u00e9veloppement commun.<br \/>\nLe r\u00e9seau des concessionnaires est compos\u00e9 de plus de 200 vendeurs, ils permettent de garantir la pr\u00e9sence de la marque Eurofluid Hydraulic dans toute L\u2019Europe et dans le monde.<\/p>\n<p>La vaste gamme des produits catalogue (NG6\/NG10\/NG16\/NG25) avec notre support tecnique et marketing sont une valeur ajout\u00e9e avec laquelle EUROFLUID HYDRAULIC oriente sa client\u00e8le vers l\u2019approvisionnement des produits standard mais surtout vers la r\u00e9alisation des produits customis\u00e9s.<\/p>\n<p>Avec ses distributeurs, Eurofluid a mis en place un partenariat afin d\u2019\u00eatre continuellement en phase avec l\u2019\u00e9volution du march\u00e9.<br \/>\nCela signifie que Eurofluid Hydraulic est capable d\u2019anticiper les \u00e9volutions en cours, en termes de solutions et de services, offrant de cette fa\u00e7on \u00e0 ses concessionnaires un avantage concurrentiel.[\/vc_column_text][\/vc_column_inner][vc_column_inner width=\u00a0\u00bb1\/2&Prime;][vc_single_image image=\u00a0\u00bb2187&Prime; img_size=\u00a0\u00bbfull\u00a0\u00bb alignment=\u00a0\u00bbcenter\u00a0\u00bb][vc_single_image image=\u00a0\u00bb2280&Prime; img_size=\u00a0\u00bbfull\u00a0\u00bb][\/vc_column_inner][\/vc_row_inner][\/vc_column][\/vc_row][vc_row full_width=\u00a0\u00bbstretch_row\u00a0\u00bb full_height=\u00a0\u00bbyes\u00a0\u00bb content_placement=\u00a0\u00bbmiddle\u00a0\u00bb bg_type=\u00a0\u00bbimage\u00a0\u00bb parallax_style=\u00a0\u00bbvcpb-vz-jquery\u00a0\u00bb bg_image_new=\u00a0\u00bbid^2178|url^https:\/\/www.eurofluid.it\/wp-content\/uploads\/2021\/04\/background_eurofluid.jpg|caption^null|alt^null|title^background_eurofluid|description^null\u00a0\u00bb bg_image_repeat=\u00a0\u00bbrepeat-y\u00a0\u00bb bg_img_attach=\u00a0\u00bbfixed\u00a0\u00bb][vc_column][vc_row_inner css=\u00a0\u00bb.vc_custom_1617718606074{margin-bottom: 20px !important;}\u00a0\u00bb][vc_column_inner offset=\u00a0\u00bbvc_col-lg-4&Prime; css=\u00a0\u00bb.vc_custom_1617718634019{background-color: rgba(255,255,255,0.9) !important;*background-color: rgb(255,255,255) !important;}\u00a0\u00bb][vc_custom_heading text=\u00a0\u00bbMISSION\u00a0\u00bb font_container=\u00a0\u00bbtag:p|font_size:46|text_align:left\u00a0\u00bb use_theme_fonts=\u00a0\u00bbyes\u00a0\u00bb css=\u00a0\u00bb.vc_custom_1617718991265{margin-bottom: 20px !important;}\u00a0\u00bb][vc_separator color=\u00a0\u00bbblack\u00a0\u00bb align=\u00a0\u00bbalign_left\u00a0\u00bb border_width=\u00a0\u00bb3&Prime; el_width=\u00a0\u00bb20&Prime;][vc_column_text]<\/p>\n<p style=\"text-align: justify;\">La mission d&rsquo;EUROFLUID HYDRAULIC est d&rsquo;\u00eatre l&rsquo;un des principaux fournisseurs europ\u00e9ens de blocs hydrauliques pour les syst\u00e8mes industriels stationnaires et les applications mobiles.<\/p>\n<p>[\/vc_column_text][\/vc_column_inner][\/vc_row_inner][vc_row_inner css=\u00a0\u00bb.vc_custom_1617718606074{margin-bottom: 20px !important;}\u00a0\u00bb][vc_column_inner offset=\u00a0\u00bbvc_col-lg-offset-6 vc_col-lg-6&Prime; css=\u00a0\u00bb.vc_custom_1617719089511{background-color: rgba(255,255,255,0.9) !important;*background-color: rgb(255,255,255) !important;}\u00a0\u00bb][vc_custom_heading text=\u00a0\u00bbVALEURS ET PRINCIPES\u00a0\u00bb font_container=\u00a0\u00bbtag:p|font_size:46|text_align:left\u00a0\u00bb use_theme_fonts=\u00a0\u00bbyes\u00a0\u00bb css=\u00a0\u00bb.vc_custom_1617803841563{margin-bottom: 20px !important;}\u00a0\u00bb][vc_separator color=\u00a0\u00bbblack\u00a0\u00bb align=\u00a0\u00bbalign_left\u00a0\u00bb border_width=\u00a0\u00bb3&Prime; el_width=\u00a0\u00bb20&Prime;][vc_column_text]EUROFLUID HYDRAULIC est conscient que pour r\u00e9aliser sa mission avec succ\u00e8s, il est important que les valeurs et les principes positifs soient partag\u00e9s et soient la base des relations avec son personnel, ses clients et ses fournisseurs.<\/p>\n<p>EUROFLUID HYDRAULIC reconna\u00eet que le personnel est la ressource la plus pr\u00e9cieuse et pers\u00e9v\u00e8re dans l\u2019objectif d\u2019encourager une atmosph\u00e8re de confiance et de respect mutuel, une bonne communication, une bonne formation \u00e0 tous les niveaux de l\u2019entreprise en agissant de mani\u00e8re socialement responsable envers l\u2019environnement.<\/p>\n<p>Choisir EUROFLUID HYDRAULIC, c\u2019est faire un choix de VALEUR.<br \/>\n[\/vc_column_text][\/vc_column_inner][\/vc_row_inner][\/vc_column][\/vc_row][vc_row equal_height=\u00a0\u00bbyes\u00a0\u00bb content_placement=\u00a0\u00bbmiddle\u00a0\u00bb][vc_column][vc_row_inner][vc_column_inner][vc_column_text]<\/p>\n<h1>Histoire<\/h1>\n<h2>Un point de r\u00e9f\u00e9rence depuis 1994<\/h2>\n<p>Notre histoire comence en 1957, l&rsquo;ann\u00e9e o\u00f9 notre fondateur Gino Lugli, apr\u00e8s trente ans en tant que technicien, a commenc\u00e9 \u00e0 travailler dans diverses entreprises m\u00e9tallo-m\u00e9caniques \u00e0 l&rsquo;\u00e9poque \u00e0 la pointe du secteur comme LOMBARDINI MOTORI.[\/vc_column_text][\/vc_column_inner][\/vc_row_inner][vc_row_inner equal_height=\u00a0\u00bbyes\u00a0\u00bb content_placement=\u00a0\u00bbmiddle\u00a0\u00bb][vc_column_inner width=\u00a0\u00bb1\/2&Prime;][vc_column_text]En 1967, il a fond\u00e9 sa premi\u00e8re entreprise dans le secteur de l&rsquo;ing\u00e9nierie appel\u00e9e LC MECCANICA GENERALI et en 1973, l&rsquo;entreprise a \u00e9t\u00e9 transform\u00e9e en LC OLEODYNAMICS, l&rsquo;actuelle division Bosch Rexroth LC.<\/p>\n<p>En 1994, profitant de ses d\u00e9cennies d&rsquo;exp\u00e9rience \u00e0 la fois dans les secteurs de l&rsquo;ing\u00e9nierie et de l&rsquo;hydraulique, Gino Lugli a fond\u00e9 EUROFLUID HYDRAULIC avec l&rsquo;intention d\u00e9clar\u00e9e de fabriquer un produit sp\u00e9cifique destin\u00e9 \u00e0 la production de blocs hydrauliques de la plus haute qualit\u00e9, exploitant ainsi les comp\u00e9tences consolid\u00e9es de ses collaborateurs qui ont grandi dans le secteur hydraulique.[\/vc_column_text][vc_single_image image=\u00a0\u00bb2200&Prime; img_size=\u00a0\u00bbfull\u00a0\u00bb][\/vc_column_inner][vc_column_inner width=\u00a0\u00bb1\/2&Prime;][vc_single_image image=\u00a0\u00bb2196&Prime; img_size=\u00a0\u00bbfull\u00a0\u00bb][\/vc_column_inner][\/vc_row_inner][vc_row_inner][vc_column_inner][vc_column_text]Gr\u00e2ce \u00e0 un haut niveau de savoir-faire, l&rsquo;entreprise s&rsquo;est rapidement impos\u00e9e comme une r\u00e9f\u00e9rence en Italie et en Europe sur les march\u00e9s li\u00e9s \u00e0 la production de blocs et valves hydrauliques, atteignant aujourd&rsquo;hui un niveau d&rsquo;exportation \u00e9gal \u00e0 80% de son chiffre d&rsquo;affaires.<\/p>\n<p>Les produits EUROFLUID HYDRAULIC sont tr\u00e8s appr\u00e9ci\u00e9s par la plupart des distributeurs et fabricants de syst\u00e8mes hydrauliques et de machines automatiques et sont \u00e9galement tr\u00e8s appr\u00e9ci\u00e9s dans divers secteurs industriels.<\/p>\n<p>Gr\u00e2ce \u00e0 ses sp\u00e9cialistes hautement qualifi\u00e9s, le secteur technique joue un r\u00f4le primordial dans l&rsquo;entreprise et est capable de faire face \u00e0 des applications sp\u00e9cifiques qui n\u00e9cessitent un tr\u00e8s haut niveau de personnalisation.[\/vc_column_text][\/vc_column_inner][\/vc_row_inner][vc_row_inner][vc_column_inner][vc_column_text]<\/p>\n<h2>La nouvelle usine industrialis\u00e9e couvre une superficie de 8500 m\u00e8tres carr\u00e9s<\/h2>\n<p>[\/vc_column_text][\/vc_column_inner][vc_column_inner width=\u00a0\u00bb1\/2&Prime;][vc_single_image image=\u00a0\u00bb2214&Prime; img_size=\u00a0\u00bbfull\u00a0\u00bb alignment=\u00a0\u00bbcenter\u00a0\u00bb][\/vc_column_inner][vc_column_inner width=\u00a0\u00bb1\/2&Prime;][vc_single_image image=\u00a0\u00bb2210&Prime; img_size=\u00a0\u00bbfull\u00a0\u00bb alignment=\u00a0\u00bbcenter\u00a0\u00bb][\/vc_column_inner][\/vc_row_inner][\/vc_column][\/vc_row]<\/p>\n<\/div>","protected":false},"excerpt":{"rendered":"<p>[vc_row full_width=\u00a0\u00bbstretch_row_content_no_spaces\u00a0\u00bb][vc_column][vc_column_text][\/vc_column_text][\/vc_column][\/vc_row][vc_row][vc_column][vc_row_inner][vc_column_inner][vc_column_text] Profil Haut niveau de customisation et solutions efficaces. [\/vc_column_text][\/vc_column_inner][\/vc_row_inner][vc_row_inner equal_height=\u00a0\u00bbyes\u00a0\u00bb content_placement=\u00a0\u00bbmiddle\u00a0\u00bb][vc_column_inner width=\u00a0\u00bb1\/2&Prime;][vc_column_text]Eurofluid Hydraulic a \u00e9t\u00e9 fond\u00e9 en 1994, et s\u2019est impos\u00e9 imm\u00e9diatement sur le march\u00e9 italien et europ\u00e9en pour la fabrication des blocs pour valves hydrauliques. Les r\u00e9sultats attendus sont fondamentaux: une attention toute particuli\u00e8re dans le choix des mati\u00e8res premi\u00e8res, la s\u00e9curit\u00e9&hellip;<\/p>\n","protected":false},"author":1,"featured_media":0,"parent":0,"menu_order":0,"comment_status":"closed","ping_status":"closed","template":"","meta":{"_acf_changed":false,"footnotes":""},"class_list":["post-2313","page","type-page","status-publish","hentry","description-off"],"acf":[],"_links":{"self":[{"href":"https:\/\/www.eurofluid.it\/fr\/wp-json\/wp\/v2\/pages\/2313","targetHints":{"allow":["GET"]}}],"collection":[{"href":"https:\/\/www.eurofluid.it\/fr\/wp-json\/wp\/v2\/pages"}],"about":[{"href":"https:\/\/www.eurofluid.it\/fr\/wp-json\/wp\/v2\/types\/page"}],"author":[{"embeddable":true,"href":"https:\/\/www.eurofluid.it\/fr\/wp-json\/wp\/v2\/users\/1"}],"replies":[{"embeddable":true,"href":"https:\/\/www.eurofluid.it\/fr\/wp-json\/wp\/v2\/comments?post=2313"}],"version-history":[{"count":10,"href":"https:\/\/www.eurofluid.it\/fr\/wp-json\/wp\/v2\/pages\/2313\/revisions"}],"predecessor-version":[{"id":3697,"href":"https:\/\/www.eurofluid.it\/fr\/wp-json\/wp\/v2\/pages\/2313\/revisions\/3697"}],"wp:attachment":[{"href":"https:\/\/www.eurofluid.it\/fr\/wp-json\/wp\/v2\/media?parent=2313"}],"curies":[{"name":"wp","href":"https:\/\/api.w.org\/{rel}","templated":true}]}}