{"id":2337,"date":"2021-04-07T14:16:03","date_gmt":"2021-04-07T12:16:03","guid":{"rendered":"https:\/\/www.eurofluid.it\/prodotti-speciali\/"},"modified":"2025-05-23T11:06:59","modified_gmt":"2025-05-23T09:06:59","slug":"blocs-fores-personnalises","status":"publish","type":"page","link":"https:\/\/www.eurofluid.it\/fr\/blocs-fores-personnalises\/","title":{"rendered":"Blocs for\u00e9s personnalis\u00e9s"},"content":{"rendered":"<div class=\"wpb-content-wrapper\"><p>[vc_row][vc_column][vc_column_text]<\/p>\n<h2>EUROFLUID HYDRAULIC\u00a0met \u00e0 disposition du client l\u2019exp\u00e9rience de ses techniciens avec l\u2019aide du software: HyDraw CAD et MDTOOLS pour le projet et la r\u00e9alisation de blocs for\u00e9s personnalis\u00e9s en fonction de sp\u00e9cifications techniques<\/h2>\n<p>[\/vc_column_text][\/vc_column][\/vc_row][vc_row][vc_column width=\u00a0\u00bb1\/3&Prime;][vc_column_text]<\/p>\n<h3>Nous pouvons fournir:<\/h3>\n<ul>\n<li>L\u2019\u00e9tude de blocs for\u00e9s<\/li>\n<li>Des dessins et Sch\u00e9mas hydrauliques<\/li>\n<li>Des Plans d&rsquo;ensemble<\/li>\n<li>Des Mod\u00e8les en trois dimensions avec des valves<\/li>\n<li>Une Production de blocs avec des valves<\/li>\n<\/ul>\n<p>[\/vc_column_text][\/vc_column][vc_column width=\u00a0\u00bb2\/3&Prime;][vc_column_text]Avec le client nous validons le dessin du bloc. Eurofluid\u00a0 fera ensuite le plan d&rsquo;ensemble et donnera le mod\u00e8le en trois dimensions assembl\u00e9 avec tous les composants mont\u00e9s.<\/p>\n<p>EUROFLUID HYDRAULIC utilise un logiciel con\u00e7u pour le projet des blocs for\u00e9s. C\u2019est un programme en trois dimensions pour l\u2019\u00e9tude des blocs hydrauliques r\u00e9alis\u00e9s sur le logiciel \u201cINVENTOR\u201d qui permet la v\u00e9rification entre le circuit et le bloc et dimensionnement des trous internes pour le contr\u00f4le des pertes de charge.[\/vc_column_text][\/vc_column][\/vc_row][vc_row][vc_column width=\u00a0\u00bb1\/3&Prime;][vc_single_image image=\u00a0\u00bb2292&Prime; img_size=\u00a0\u00bb300&#215;300&Prime; alignment=\u00a0\u00bbcenter\u00a0\u00bb css=\u00a0\u00bb.vc_custom_1621607838138{margin-bottom: 0px !important;}\u00a0\u00bb][vc_column_text]<\/p>\n<h4 style=\"text-align: center;\">Circuit<\/h4>\n<p>[\/vc_column_text][\/vc_column][vc_column width=\u00a0\u00bb1\/3&Prime;][vc_single_image image=\u00a0\u00bb2296&Prime; img_size=\u00a0\u00bb300&#215;300&Prime; alignment=\u00a0\u00bbcenter\u00a0\u00bb css=\u00a0\u00bb.vc_custom_1621607843505{margin-bottom: 0px !important;}\u00a0\u00bb][vc_column_text]<\/p>\n<h4 style=\"text-align: center;\">3D Constructif<\/h4>\n<p>[\/vc_column_text][\/vc_column][vc_column width=\u00a0\u00bb1\/3&Prime;][vc_single_image image=\u00a0\u00bb2300&Prime; img_size=\u00a0\u00bb300&#215;300&Prime; alignment=\u00a0\u00bbcenter\u00a0\u00bb css=\u00a0\u00bb.vc_custom_1621607848691{margin-bottom: 0px !important;}\u00a0\u00bb][vc_column_text]<\/p>\n<h4 style=\"text-align: center;\">3D d&rsquo;ensemble<\/h4>\n<p>[\/vc_column_text][\/vc_column][\/vc_row][vc_row][vc_column][vc_cta h2=\u00a0\u00bbAvez-vous des demandes sp\u00e9cifiques?\u00a0\u00bb h2_font_container=\u00a0\u00bbtag:h2|font_size:32|text_align:left|color:%232c438f\u00a0\u00bb h2_use_theme_fonts=\u00a0\u00bbyes\u00a0\u00bb h4=\u00a0\u00bbDemandez un devis personnalis\u00e9.\u00a0\u00bb h4_font_container=\u00a0\u00bbtag:h4|text_align:left|color:%23000000&Prime; h4_google_fonts=\u00a0\u00bbfont_family:Roboto%3A100%2C100italic%2C300%2C300italic%2Cregular%2Citalic%2C500%2C500italic%2C700%2C700italic%2C900%2C900italic|font_style:300%20light%20regular%3A300%3Anormal\u00a0\u00bb shape=\u00a0\u00bbsquare\u00a0\u00bb el_width=\u00a0\u00bbsm\u00a0\u00bb add_button=\u00a0\u00bbright\u00a0\u00bb btn_title=\u00a0\u00bbNous contacter\u00a0\u00bb btn_style=\u00a0\u00bbflat\u00a0\u00bb btn_shape=\u00a0\u00bbsquare\u00a0\u00bb btn_color=\u00a0\u00bbblue\u00a0\u00bb btn_size=\u00a0\u00bblg\u00a0\u00bb btn_align=\u00a0\u00bbright\u00a0\u00bb btn_i_icon_fontawesome=\u00a0\u00bbfas fa-envelope\u00a0\u00bb use_custom_fonts_h2=\u00a0\u00bbtrue\u00a0\u00bb use_custom_fonts_h4=\u00a0\u00bbtrue\u00a0\u00bb btn_button_block=\u00a0\u00bbtrue\u00a0\u00bb btn_add_icon=\u00a0\u00bbtrue\u00a0\u00bb css=\u00a0\u00bb.vc_custom_1617707208210{background-color: #ffec00 !important;}\u00a0\u00bb btn_link=\u00a0\u00bburl:https%3A%2F%2Fwww.eurofluid.it%2Ffr%2Fcontacts%2F|title:Contatti\u00a0\u00bb][\/vc_cta][\/vc_column][\/vc_row][vc_row equal_height=\u00a0\u00bbyes\u00a0\u00bb content_placement=\u00a0\u00bbmiddle\u00a0\u00bb][vc_column width=\u00a0\u00bb1\/2&Prime;][vc_column_text]Eurofluid Hydraulic r\u00e9alise la production de blocs speciaux selon les dessins et les demandes du client.<br \/>\nVoici une liste des mati\u00e8res utilis\u00e9es:<\/p>\n<ul>\n<li>Fonte GG25 (UNI -EN-1561-GJL-250)<\/li>\n<li>Fonte GGG40 (UNI-EN-1563-GJS-15)<\/li>\n<li>Acier C45 (UNI-EN-10083-2:2006)<\/li>\n<li>Aluminium 2011 (EN-AW 2011)<\/li>\n<li>Aluminium 6026 (EN-AW 6026)<\/li>\n<li>Aluminium 6082 (EN-AW 6082)<\/li>\n<li>Aluminium 7075 (EN-AW 7075)<\/li>\n<li>Hycut 60<\/li>\n<li>AVP<\/li>\n<li>GS500<\/li>\n<\/ul>\n<p><strong>Eurofluid Hydraulic est en mesure de fournir le certificat de la mati\u00e8re.<\/strong>[\/vc_column_text][\/vc_column][vc_column width=\u00a0\u00bb1\/2&Prime;][vc_single_image image=\u00a0\u00bb2542&Prime; img_size=\u00a0\u00bblarge\u00a0\u00bb alignment=\u00a0\u00bbcenter\u00a0\u00bb][\/vc_column][\/vc_row][vc_row][vc_column width=\u00a0\u00bb1\/2&Prime;][vc_column_text]<\/p>\n<h2 style=\"text-align: left; font-size: 29px;\">Traitement de surface pour la fonte et l&rsquo;acier:<\/h2>\n<ul>\n<li>Nitrocarburation<\/li>\n<li>Phosphatisation (UNI-ISO-9717)<\/li>\n<li>Zingage Fe\/\/Zn8\/\/Cn\/\/T0 DIN 50979<\/li>\n<li>Zingage Fe\/\/ZnNi8\/\/An\/\/T0 DIN 50979 (NICKEL)<\/li>\n<\/ul>\n<p>[\/vc_column_text][\/vc_column][vc_column width=\u00a0\u00bb1\/2&Prime;][vc_column_text]<\/p>\n<h2 style=\"text-align: left; font-size: 29px;\">Traitement de surface pour l&rsquo;aluminium:<\/h2>\n<ul>\n<li>Anodisation naturelle (IND-UNI-4522)<\/li>\n<li>Anodisation dure (UNI 7796)<\/li>\n<\/ul>\n<p>Eurofluid Hydraulic \u00e9tudie la faisabilit\u00e9 de travailler avec d\u2019autres mat\u00e9riaux et autres types de rev\u00eatements de surface.[\/vc_column_text][\/vc_column][\/vc_row]<\/p>\n<\/div>","protected":false},"excerpt":{"rendered":"<p>[vc_row][vc_column][vc_column_text] EUROFLUID HYDRAULIC\u00a0met \u00e0 disposition du client l\u2019exp\u00e9rience de ses techniciens avec l\u2019aide du software: HyDraw CAD et MDTOOLS pour le projet et la r\u00e9alisation de blocs for\u00e9s personnalis\u00e9s en fonction de sp\u00e9cifications techniques [\/vc_column_text][\/vc_column][\/vc_row][vc_row][vc_column width=\u00a0\u00bb1\/3&Prime;][vc_column_text] Nous pouvons fournir: L\u2019\u00e9tude de blocs for\u00e9s Des dessins et Sch\u00e9mas hydrauliques Des Plans d&rsquo;ensemble Des Mod\u00e8les en trois&hellip;<\/p>\n","protected":false},"author":1,"featured_media":0,"parent":0,"menu_order":0,"comment_status":"closed","ping_status":"closed","template":"","meta":{"_acf_changed":false,"footnotes":""},"class_list":["post-2337","page","type-page","status-publish","hentry","description-off"],"acf":[],"_links":{"self":[{"href":"https:\/\/www.eurofluid.it\/fr\/wp-json\/wp\/v2\/pages\/2337","targetHints":{"allow":["GET"]}}],"collection":[{"href":"https:\/\/www.eurofluid.it\/fr\/wp-json\/wp\/v2\/pages"}],"about":[{"href":"https:\/\/www.eurofluid.it\/fr\/wp-json\/wp\/v2\/types\/page"}],"author":[{"embeddable":true,"href":"https:\/\/www.eurofluid.it\/fr\/wp-json\/wp\/v2\/users\/1"}],"replies":[{"embeddable":true,"href":"https:\/\/www.eurofluid.it\/fr\/wp-json\/wp\/v2\/comments?post=2337"}],"version-history":[{"count":8,"href":"https:\/\/www.eurofluid.it\/fr\/wp-json\/wp\/v2\/pages\/2337\/revisions"}],"predecessor-version":[{"id":3753,"href":"https:\/\/www.eurofluid.it\/fr\/wp-json\/wp\/v2\/pages\/2337\/revisions\/3753"}],"wp:attachment":[{"href":"https:\/\/www.eurofluid.it\/fr\/wp-json\/wp\/v2\/media?parent=2337"}],"curies":[{"name":"wp","href":"https:\/\/api.w.org\/{rel}","templated":true}]}}